{"id":102,"date":"2023-04-12T19:48:02","date_gmt":"2023-04-13T02:48:02","guid":{"rendered":"https:\/\/evvtoltechnation.com\/?page_id=102"},"modified":"2025-02-23T17:45:58","modified_gmt":"2025-02-24T01:45:58","slug":"uber","status":"publish","type":"page","link":"https:\/\/evvtoltechnation.com\/de\/uber\/","title":{"rendered":"\u00dcber"},"content":{"rendered":"<div data-elementor-type=\"wp-page\" data-elementor-id=\"102\" class=\"elementor elementor-102\" data-elementor-post-type=\"page\">\n\t\t\t\t\t\t<section class=\"elementor-section elementor-top-section elementor-element elementor-element-f43d875 elementor-section-boxed elementor-section-height-default elementor-section-height-default\" data-id=\"f43d875\" data-element_type=\"section\" data-e-type=\"section\">\n\t\t\t\t\t\t<div class=\"elementor-container elementor-column-gap-default\">\n\t\t\t\t\t<div class=\"elementor-column elementor-col-100 elementor-top-column elementor-element elementor-element-24e8afa\" data-id=\"24e8afa\" data-element_type=\"column\" data-e-type=\"column\">\n\t\t\t<div class=\"elementor-widget-wrap elementor-element-populated\">\n\t\t\t\t\t\t<div class=\"elementor-element elementor-element-acc9e75 elementor-widget__width-initial elementor-widget elementor-widget-text-editor\" data-id=\"acc9e75\" data-element_type=\"widget\" data-e-type=\"widget\" data-widget_type=\"text-editor.default\">\n\t\t\t\t<div class=\"elementor-widget-container\">\n\t\t\t\t\t\t\t\t\t<h3><strong><img decoding=\"async\" data-attachment-id=\"15\" data-permalink=\"https:\/\/evvtoltechnation.com\/de\/2023\/07\/13\/hyundai-kanada-von-great-place-to-work-als-top-arbeitgeber-fur-junge-menschen-ausgezeichnet\/evvtol-tech-nation-vs\/\" data-orig-file=\"https:\/\/i0.wp.com\/evvtoltechnation.com\/wp-content\/uploads\/2022\/12\/EVVTOL-Tech-Nation-vs.webp?fit=100%2C51&amp;quality=80&amp;ssl=1\" data-orig-size=\"100,51\" data-comments-opened=\"1\" data-image-meta=\"{&quot;aperture&quot;:&quot;0&quot;,&quot;credit&quot;:&quot;&quot;,&quot;camera&quot;:&quot;&quot;,&quot;caption&quot;:&quot;&quot;,&quot;created_timestamp&quot;:&quot;0&quot;,&quot;copyright&quot;:&quot;&quot;,&quot;focal_length&quot;:&quot;0&quot;,&quot;iso&quot;:&quot;0&quot;,&quot;shutter_speed&quot;:&quot;0&quot;,&quot;title&quot;:&quot;&quot;,&quot;orientation&quot;:&quot;0&quot;}\" data-image-title=\"EVVTOL Tech Nation\" data-image-description=\"\" data-image-caption=\"\" data-large-file=\"https:\/\/i0.wp.com\/evvtoltechnation.com\/wp-content\/uploads\/2022\/12\/EVVTOL-Tech-Nation-vs.webp?fit=100%2C51&amp;quality=80&amp;ssl=1\" data-recalc-dims=\"1\" class=\"alignnone size-full wp-image-15\" src=\"https:\/\/i0.wp.com\/evvtoltechnation.com\/wp-content\/uploads\/2022\/12\/EVVTOL-Tech-Nation-vs.png?resize=100%2C51&#038;quality=80&#038;ssl=1\" alt=\"EVVTOL Tech Nation\" width=\"100\" height=\"51\" \/><\/strong><\/h3><h3><span style=\"color: #000000;\"><strong>EVVTOL Tech Nation<\/strong><\/span><\/h3><p><span style=\"color: #000000;\"><strong>EVVTOL Tech Nation entwickelt einen neuen Weg zum 21.<sup>st<\/sup> Jahrhundert technische und technologische Innovationen.<\/strong><\/span><\/p><p><span style=\"color: #000000;\"><strong>Die entscheidende Rolle, die wir bei EVVTOL Tech Nation \u00fcbernehmen, ist die folgende:<\/strong><br \/><\/span><\/p><ul><li><span style=\"color: #000000;\">Konzentration auf die Bereiche Ingenieurwesen und technische Berufe f\u00fcr k\u00fcnftiges Wachstum und Nachhaltigkeit.<\/span><\/li><li><span style=\"color: #000000;\">Erleichterung und Zusammenf\u00fchrung von Vision\u00e4ren, Ingenieuren und technischem Hilfspersonal durch F\u00fchrung.<\/span><\/li><li><span style=\"color: #000000;\">Beseitigen Sie den Personalmangel!<\/span><\/li><li><span style=\"color: #000000;\">L\u00f6sen Sie die schwierigsten Probleme der Welt mit qualifizierten Ingenieuren und technischem Personal f\u00fcr zuk\u00fcnftige Arbeitspl\u00e4tze in den Bereichen Automobil, Luftfahrt, VTOL, Raumfahrt, Marine, Motorrad und Mobilit\u00e4t.<\/span><\/li><\/ul><p><span style=\"color: #000000;\">Unser Ziel ist es, die n\u00e4chste Generation von Ingenieuren und technischen Fachkr\u00e4ften in den Bereichen Luft- und Raumfahrt - eVTOL, Luftfahrt, Automobil, Schifffahrt, Motorrad, Mobilit\u00e4t und Motorsport sowie in technischen Berufen anzuziehen, auszubilden und zu inspirieren (AEI).<\/span><\/p><p><span style=\"color: #000000;\">Bahnbrechend im Umfang und entscheidend f\u00fcr EVVTOL Tech Nation ist die Einf\u00fchrung des (AEI) Plans zum EVVTOL Career Summit als Bestandteil der gr\u00f6\u00dften EVVTOL Tech Show Expo.<\/span><\/p><p><span style=\"color: #000000;\">Der EVVTOL Tech Nation Advisory Council (AEI) hat sich zum Ziel gesetzt, seine Bem\u00fchungen darauf zu konzentrieren, fortschrittliche technische und technologische Innovationen einem breiten Publikum zug\u00e4nglich zu machen, um die verschiedenen Anwendungen, die in den Bereichen Automobil, Luft- und Raumfahrt, eVTOL, Luftfahrt, Schifffahrt, Motorrad, Mobilit\u00e4t und Motorsport zum Einsatz kommen, zu erm\u00f6glichen.<\/span><\/p><p><span style=\"color: #000000;\">Der EVVTOL tech Nation Advisory Council wird den Plan (AEI) entwickeln, der sich an Sch\u00fcler der Mittelstufe, der Oberstufe und der Hochschule sowie an andere Personen richtet, die nach sinnvollen und erf\u00fcllenden Karrierem\u00f6glichkeiten in diesen zukunftsorientierten industriellen L\u00f6sungen und T\u00e4tigkeiten suchen.<\/span><\/p><p><span style=\"color: #000000;\"><strong>Tech Workforce Foundation:<\/strong><\/span><\/p><p><span style=\"color: #000000;\">Die Investition in die Zukunft junger Menschen durch Besch\u00e4ftigung und berufliche Entwicklung ist von entscheidender Bedeutung, insbesondere in der sich schnell entwickelnden Technologiebranche. Durch die Finanzierung von Studenten in technischen Studieng\u00e4ngen, die mit der Luft- und Raumfahrt-, Automobil-, Luftfahrt-, Schifffahrts-, Mobilit\u00e4ts- und Motorradindustrie in Verbindung stehen, kann die Tech Workforce Foundation eine wichtige Rolle bei der Vorbereitung von Menschen auf die Arbeitswelt spielen.<\/span><\/p><p><span style=\"color: #000000;\">Indem wir Studierende in diesen Bereichen unterst\u00fctzen, k\u00f6nnen wir ihnen die notwendigen F\u00e4higkeiten und Kenntnisse vermitteln, um in ihrer beruflichen Laufbahn erfolgreich zu sein. Au\u00dferdem k\u00f6nnen wir den wachsenden Bedarf an qualifizierten Fachkr\u00e4ften in Branchen wie Luft- und Raumfahrt, Automobilbau, Luftfahrt, Schifffahrt, Mobilit\u00e4t und Motorradbau decken.<\/span><\/p>\t\t\t\t\t\t\t\t<\/div>\n\t\t\t\t<\/div>\n\t\t\t\t\t<\/div>\n\t\t<\/div>\n\t\t\t\t\t<\/div>\n\t\t<\/section>\n\t\t\t\t<section class=\"elementor-section elementor-top-section elementor-element elementor-element-059966c elementor-section-boxed elementor-section-height-default elementor-section-height-default\" data-id=\"059966c\" data-element_type=\"section\" data-e-type=\"section\">\n\t\t\t\t\t\t<div class=\"elementor-container elementor-column-gap-default\">\n\t\t\t\t\t<div class=\"elementor-column elementor-col-100 elementor-top-column elementor-element elementor-element-bf3ebb7\" data-id=\"bf3ebb7\" data-element_type=\"column\" data-e-type=\"column\">\n\t\t\t<div class=\"elementor-widget-wrap elementor-element-populated\">\n\t\t\t\t\t\t<div class=\"elementor-element elementor-element-62a0456 elementor-widget elementor-widget-text-editor\" data-id=\"62a0456\" data-element_type=\"widget\" data-e-type=\"widget\" data-widget_type=\"text-editor.default\">\n\t\t\t\t<div class=\"elementor-widget-container\">\n\t\t\t\t\t\t\t\t\t<h3><img decoding=\"async\" data-attachment-id=\"110\" data-permalink=\"https:\/\/evvtoltechnation.com\/de\/2024\/03\/18\/bentley-motors-kundigt-die-dritte-ausgabe-seiner-initiative-fur-ausergewohnliche-frauen-an-die-sich-an-studierende-in-den-bereichen-ingenieurwesen-design-technik-und-wirtschaft-fur-2024-richtet-2\/evvtol-corporate-logo-for-evh-news\/\" data-orig-file=\"https:\/\/i0.wp.com\/evvtoltechnation.com\/wp-content\/uploads\/2023\/01\/EVVTOL-Corporate-Logo-for-EVH-News.webp?fit=150%2C86&amp;quality=80&amp;ssl=1\" data-orig-size=\"150,86\" data-comments-opened=\"1\" data-image-meta=\"{&quot;aperture&quot;:&quot;0&quot;,&quot;credit&quot;:&quot;&quot;,&quot;camera&quot;:&quot;&quot;,&quot;caption&quot;:&quot;&quot;,&quot;created_timestamp&quot;:&quot;0&quot;,&quot;copyright&quot;:&quot;&quot;,&quot;focal_length&quot;:&quot;0&quot;,&quot;iso&quot;:&quot;0&quot;,&quot;shutter_speed&quot;:&quot;0&quot;,&quot;title&quot;:&quot;&quot;,&quot;orientation&quot;:&quot;0&quot;}\" data-image-title=\"EVVTOL Corporate Logo for EVH News\" data-image-description=\"\" data-image-caption=\"\" data-large-file=\"https:\/\/i0.wp.com\/evvtoltechnation.com\/wp-content\/uploads\/2023\/01\/EVVTOL-Corporate-Logo-for-EVH-News.webp?fit=150%2C86&amp;quality=80&amp;ssl=1\" data-recalc-dims=\"1\" class=\"wp-image-110 alignnone\" src=\"https:\/\/i0.wp.com\/evvtoltechnation.com\/wp-content\/uploads\/2023\/01\/EVVTOL-Corporate-Logo-for-EVH-News.png?resize=98%2C56&#038;quality=80&#038;ssl=1\" alt=\"\" width=\"98\" height=\"56\" \/><br \/><span style=\"color: #000000;\"><strong>\u00dcber EVVTOL<\/strong><\/span><\/h3><ul><li><span style=\"color: #000000;\">EVVTOL ist ein neues Unternehmen, das sich selbst als die einflussreichste globale Messe- und Ausstellungsorganisation f\u00fcr Zukunftstechnologien positioniert, um Kunden aus der EV-, E-Luftfahrt-, E-VTOL-, Luft- und Raumfahrt- sowie E-Marine-Transportbranche erfolgreich zu unterst\u00fctzen!<\/span><\/li><li><span style=\"color: #000000;\">Ziel der EVVTOL ist es, die EV-, E-Aviation-, E-VTOL- und E-Marine-Industrie zu pr\u00e4sentieren und die wichtigsten EV- und VTOL-Fahrzeuge und -Komponentenhersteller in der E-Tech-Welt vorzustellen, indem modernste EV- und E-VTOL-Batterietechnologien pr\u00e4sentiert werden.<\/span><\/li><li><span style=\"color: #000000;\">EVVTOL hat es sich zur Aufgabe gemacht, mehrere Technologiemessen und -ausstellungen einzuf\u00fchren, einschlie\u00dflich einflussreicher hochrangiger EV-Gesch\u00e4ftsgipfel, die auf zwei Themen basieren: Gesch\u00e4ftsbeziehungen mit den wichtigsten Herstellern der EV- und E-Mobilit\u00e4tsindustrie, Informationstechnologie f\u00fcr Energiefahrzeuge, Batterie- und Ladeinfrastrukturindustrie. Diese Veranstaltungen sind hervorragende Gelegenheiten, sich \u00fcber die neuesten innovativen technischen Fortschritte in der EV-Industrie zu informieren und \u00fcber die noch bestehenden Herausforderungen im Bereich der Batterieenergie zu diskutieren.<\/span><\/li><\/ul><p><span style=\"color: #000000;\">\u00a0EVVTOL<br \/>19200 Von Karman Avenue, Irvine, CA, 92612<br \/>(evvtol.org)<\/span><br \/><span style=\"color: #000000;\">\u00a0877-4EV-VTOL (877-438-8865)<\/span><\/p>\t\t\t\t\t\t\t\t<\/div>\n\t\t\t\t<\/div>\n\t\t\t\t\t<\/div>\n\t\t<\/div>\n\t\t\t\t\t<\/div>\n\t\t<\/section>\n\t\t\t\t<\/div>","protected":false},"excerpt":{"rendered":"<p>EVVTOL Tech Nation EVVTOL Tech Nation stellt einen neuen Weg zum Ingenieurwesen des 21. Jahrhunderts...<\/p>","protected":false},"author":165558846,"featured_media":0,"parent":0,"menu_order":0,"comment_status":"closed","ping_status":"closed","template":"","meta":{"_crdt_document":"","advanced_seo_description":"","jetpack_seo_html_title":"","jetpack_seo_noindex":false,"footnotes":""},"class_list":["post-102","page","type-page","status-publish","hentry"],"jetpack_likes_enabled":true,"jetpack_sharing_enabled":true,"jetpack_shortlink":"https:\/\/wp.me\/Pep49i-1E","jetpack-related-posts":[],"_links":{"self":[{"href":"https:\/\/evvtoltechnation.com\/de\/wp-json\/wp\/v2\/pages\/102","targetHints":{"allow":["GET"]}}],"collection":[{"href":"https:\/\/evvtoltechnation.com\/de\/wp-json\/wp\/v2\/pages"}],"about":[{"href":"https:\/\/evvtoltechnation.com\/de\/wp-json\/wp\/v2\/types\/page"}],"author":[{"embeddable":true,"href":"https:\/\/evvtoltechnation.com\/de\/wp-json\/wp\/v2\/users\/165558846"}],"replies":[{"embeddable":true,"href":"https:\/\/evvtoltechnation.com\/de\/wp-json\/wp\/v2\/comments?post=102"}],"version-history":[{"count":42,"href":"https:\/\/evvtoltechnation.com\/de\/wp-json\/wp\/v2\/pages\/102\/revisions"}],"predecessor-version":[{"id":1752,"href":"https:\/\/evvtoltechnation.com\/de\/wp-json\/wp\/v2\/pages\/102\/revisions\/1752"}],"wp:attachment":[{"href":"https:\/\/evvtoltechnation.com\/de\/wp-json\/wp\/v2\/media?parent=102"}],"curies":[{"name":"wp","href":"https:\/\/api.w.org\/{rel}","templated":true}]}}