{"id":187,"date":"2023-04-28T19:46:13","date_gmt":"2023-04-29T02:46:13","guid":{"rendered":"https:\/\/evvtoltechnation.com\/?page_id=187"},"modified":"2023-06-17T20:10:41","modified_gmt":"2023-06-18T03:10:41","slug":"evvtol-bildungspartner","status":"publish","type":"page","link":"https:\/\/evvtoltechnation.com\/de\/evvtol-bildungspartner\/","title":{"rendered":"Bildungspartner"},"content":{"rendered":"<div data-elementor-type=\"wp-page\" data-elementor-id=\"187\" class=\"elementor elementor-187\" data-elementor-post-type=\"page\">\n\t\t\t\t\t\t<section class=\"elementor-section elementor-top-section elementor-element elementor-element-a9f73a0 elementor-section-boxed elementor-section-height-default elementor-section-height-default\" data-id=\"a9f73a0\" data-element_type=\"section\" data-e-type=\"section\">\n\t\t\t\t\t\t<div class=\"elementor-container elementor-column-gap-default\">\n\t\t\t\t\t<div class=\"elementor-column elementor-col-100 elementor-top-column elementor-element elementor-element-4dd5f1a\" data-id=\"4dd5f1a\" data-element_type=\"column\" data-e-type=\"column\">\n\t\t\t<div class=\"elementor-widget-wrap elementor-element-populated\">\n\t\t\t\t\t\t<div class=\"elementor-element elementor-element-29548c9 elementor-widget elementor-widget-text-editor\" data-id=\"29548c9\" data-element_type=\"widget\" data-e-type=\"widget\" data-widget_type=\"text-editor.default\">\n\t\t\t\t<div class=\"elementor-widget-container\">\n\t\t\t\t\t\t\t\t\t<p><span style=\"color: #000000;\">Die Zusammenarbeit mit Bildungspartnern und die Erleichterung der Zusammenarbeit zwischen Unternehmen, Einzelpersonen und Schulen ist ein wirksames Mittel, um der Bildung einen realen Bezug zu verleihen und Sch\u00fcler auf k\u00fcnftige Chancen vorzubereiten. Indem EVVTOL Tech Nation den Sch\u00fclern Zugang zu Praktika, Mentorenprogrammen und immersiven Erfahrungen bietet, kann EVVTOL Tech Nation ihnen helfen, praktische F\u00e4higkeiten zu entwickeln, Einblicke in die Branche zu gewinnen und sinnvolle Kontakte zu Fachleuten in ihren Interessengebieten zu kn\u00fcpfen.<\/span><\/p><p><span style=\"color: #000000;\">Durch diese Partnerschaften k\u00f6nnen Unternehmen einen aktiven Beitrag zum Bildungssystem leisten, indem sie ihr Fachwissen weitergeben, Ressourcen bereitstellen und praktische Lernm\u00f6glichkeiten anbieten. Diese Zusammenarbeit erm\u00f6glicht es den Sch\u00fclern, ihr Wissen in realen Kontexten anzuwenden, die Erwartungen der Industrie zu verstehen und wichtige F\u00e4higkeiten zu entwickeln, die auf dem Arbeitsmarkt gesch\u00e4tzt werden.<\/span><\/p><p><span style=\"color: #000000;\">Dar\u00fcber hinaus k\u00f6nnen Bildungspartner von der Zusammenarbeit mit EVVTOL Tech Nation profitieren, indem sie auf einen Talentpool motivierter und gut vorbereiteter Sch\u00fcler zur\u00fcckgreifen. Durch die Teilnahme an den von EVVTOL Tech Nation koordinierten Bildungsinitiativen k\u00f6nnen Unternehmen potenzielle k\u00fcnftige Mitarbeiter identifizieren, zur Entwicklung der Arbeitskr\u00e4fte in ihrer Branche beitragen und ihre Marke als F\u00fcrsprecher f\u00fcr Bildung und gesellschaftliches Engagement etablieren.<\/span><\/p><p><span style=\"color: #000000;\">Insgesamt kann EVVTOL Tech Nation durch die Verbindung von Unternehmen und Einzelpersonen mit Schulen und Jugendorganisationen ein f\u00fcr beide Seiten vorteilhaftes \u00d6kosystem schaffen, das Bildungserfahrungen bereichert, die Zusammenarbeit f\u00f6rdert und Sch\u00fcler auf die Zukunft vorbereitet.<\/span><\/p>\t\t\t\t\t\t\t\t<\/div>\n\t\t\t\t<\/div>\n\t\t\t\t\t<\/div>\n\t\t<\/div>\n\t\t\t\t\t<\/div>\n\t\t<\/section>\n\t\t\t\t<\/div>","protected":false},"excerpt":{"rendered":"<p>Engaging with education partners and facilitating collaboration between businesses, individuals, and schools is a powerful&#8230;<\/p>","protected":false},"author":165558846,"featured_media":0,"parent":0,"menu_order":0,"comment_status":"closed","ping_status":"closed","template":"","meta":{"_crdt_document":"","advanced_seo_description":"","jetpack_seo_html_title":"","jetpack_seo_noindex":false,"footnotes":""},"class_list":["post-187","page","type-page","status-publish","hentry"],"jetpack_likes_enabled":true,"jetpack_sharing_enabled":true,"jetpack_shortlink":"https:\/\/wp.me\/Pep49i-31","jetpack-related-posts":[],"_links":{"self":[{"href":"https:\/\/evvtoltechnation.com\/de\/wp-json\/wp\/v2\/pages\/187","targetHints":{"allow":["GET"]}}],"collection":[{"href":"https:\/\/evvtoltechnation.com\/de\/wp-json\/wp\/v2\/pages"}],"about":[{"href":"https:\/\/evvtoltechnation.com\/de\/wp-json\/wp\/v2\/types\/page"}],"author":[{"embeddable":true,"href":"https:\/\/evvtoltechnation.com\/de\/wp-json\/wp\/v2\/users\/165558846"}],"replies":[{"embeddable":true,"href":"https:\/\/evvtoltechnation.com\/de\/wp-json\/wp\/v2\/comments?post=187"}],"version-history":[{"count":9,"href":"https:\/\/evvtoltechnation.com\/de\/wp-json\/wp\/v2\/pages\/187\/revisions"}],"predecessor-version":[{"id":616,"href":"https:\/\/evvtoltechnation.com\/de\/wp-json\/wp\/v2\/pages\/187\/revisions\/616"}],"wp:attachment":[{"href":"https:\/\/evvtoltechnation.com\/de\/wp-json\/wp\/v2\/media?parent=187"}],"curies":[{"name":"wp","href":"https:\/\/api.w.org\/{rel}","templated":true}]}}