{"id":272,"date":"2023-05-06T16:42:34","date_gmt":"2023-05-06T23:42:34","guid":{"rendered":"https:\/\/evvtoltechnation.com\/?page_id=272"},"modified":"2023-05-14T12:22:11","modified_gmt":"2023-05-14T19:22:11","slug":"anwerbung","status":"publish","type":"page","link":"https:\/\/evvtoltechnation.com\/de\/anwerbung\/","title":{"rendered":"Rekrutierungspartner"},"content":{"rendered":"<div data-elementor-type=\"wp-page\" data-elementor-id=\"272\" class=\"elementor elementor-272\" data-elementor-post-type=\"page\">\n\t\t\t\t\t\t<section class=\"elementor-section elementor-top-section elementor-element elementor-element-165d90b elementor-section-boxed elementor-section-height-default elementor-section-height-default\" data-id=\"165d90b\" data-element_type=\"section\" data-e-type=\"section\">\n\t\t\t\t\t\t<div class=\"elementor-container elementor-column-gap-default\">\n\t\t\t\t\t<div class=\"elementor-column elementor-col-100 elementor-top-column elementor-element elementor-element-efb814f\" data-id=\"efb814f\" data-element_type=\"column\" data-e-type=\"column\">\n\t\t\t<div class=\"elementor-widget-wrap elementor-element-populated\">\n\t\t\t\t\t\t<div class=\"elementor-element elementor-element-247c916 elementor-widget elementor-widget-text-editor\" data-id=\"247c916\" data-element_type=\"widget\" data-e-type=\"widget\" data-widget_type=\"text-editor.default\">\n\t\t\t\t<div class=\"elementor-widget-container\">\n\t\t\t\t\t\t\t\t\t<p><span style=\"color: #000000;\">EVVTOL Tech Nation hat Rekrutierungspartner gefunden, die darauf spezialisiert sind, Unternehmen bei der Rekrutierung von Ingenieuren, Technikern und technischem Personal aus den Bereichen Automobil, Luftfahrt, VTOL, Raumfahrt, Marine, Motorrad und Mobilit\u00e4t zu unterst\u00fctzen. Rekrutierungspartner k\u00f6nnen unglaublich wertvoll sein, wenn es darum geht, Unternehmen dabei zu helfen, die Talente zu finden und anzuziehen, die sie zum Erreichen ihrer Ziele ben\u00f6tigen.<br \/><\/span><span style=\"color: #000000;\">Durch die Zusammenarbeit mit den Rekrutierungspartnern von EVVTOL Tech Nation k\u00f6nnen Sie auf ein Netzwerk von talentierten und motivierten Kandidaten zur\u00fcckgreifen, die speziell an Karrieren in der Automobil-, Luftfahrt-, VTOL-, Raumfahrt-, Marine-, Motorrad- und Mobilit\u00e4tsbranche interessiert sind. Sie k\u00f6nnen auch von der Expertise und Beratung erfahrener Personalvermittler profitieren, die Ihnen helfen k\u00f6nnen, Ihren Einstellungsprozess zu rationalisieren und sicherzustellen, dass sie die besten Kandidaten f\u00fcr Ihre offenen Stellen finden k\u00f6nnen.<\/span><\/p><p><span style=\"color: #000000;\">\u00a0<\/span><\/p>\t\t\t\t\t\t\t\t<\/div>\n\t\t\t\t<\/div>\n\t\t\t\t\t<\/div>\n\t\t<\/div>\n\t\t\t\t\t<\/div>\n\t\t<\/section>\n\t\t\t\t<\/div>","protected":false},"excerpt":{"rendered":"<p>EVVTOL Tech Nation hat Rekrutierungspartner, die darauf spezialisiert sind, Unternehmen bei der Einstellung von...<\/p>","protected":false},"author":165558846,"featured_media":0,"parent":0,"menu_order":0,"comment_status":"closed","ping_status":"closed","template":"","meta":{"_crdt_document":"","advanced_seo_description":"","jetpack_seo_html_title":"","jetpack_seo_noindex":false,"jetpack_post_was_ever_published":false,"footnotes":""},"class_list":["post-272","page","type-page","status-publish","hentry"],"jetpack_likes_enabled":true,"jetpack_sharing_enabled":true,"jetpack_shortlink":"https:\/\/wp.me\/Pep49i-4o","jetpack-related-posts":[],"_links":{"self":[{"href":"https:\/\/evvtoltechnation.com\/de\/wp-json\/wp\/v2\/pages\/272","targetHints":{"allow":["GET"]}}],"collection":[{"href":"https:\/\/evvtoltechnation.com\/de\/wp-json\/wp\/v2\/pages"}],"about":[{"href":"https:\/\/evvtoltechnation.com\/de\/wp-json\/wp\/v2\/types\/page"}],"author":[{"embeddable":true,"href":"https:\/\/evvtoltechnation.com\/de\/wp-json\/wp\/v2\/users\/165558846"}],"replies":[{"embeddable":true,"href":"https:\/\/evvtoltechnation.com\/de\/wp-json\/wp\/v2\/comments?post=272"}],"version-history":[{"count":10,"href":"https:\/\/evvtoltechnation.com\/de\/wp-json\/wp\/v2\/pages\/272\/revisions"}],"predecessor-version":[{"id":404,"href":"https:\/\/evvtoltechnation.com\/de\/wp-json\/wp\/v2\/pages\/272\/revisions\/404"}],"wp:attachment":[{"href":"https:\/\/evvtoltechnation.com\/de\/wp-json\/wp\/v2\/media?parent=272"}],"curies":[{"name":"wp","href":"https:\/\/api.w.org\/{rel}","templated":true}]}}