{"id":40,"date":"2022-12-25T17:03:37","date_gmt":"2022-12-26T01:03:37","guid":{"rendered":"https:\/\/evvtoltechnation.com\/?page_id=40"},"modified":"2023-06-04T17:18:15","modified_gmt":"2023-06-05T00:18:15","slug":"evvtol-karriere-partner","status":"publish","type":"page","link":"https:\/\/evvtoltechnation.com\/de\/evvtol-karriere-partner\/","title":{"rendered":"Karriere Partner"},"content":{"rendered":"<div data-elementor-type=\"wp-page\" data-elementor-id=\"40\" class=\"elementor elementor-40\" data-elementor-post-type=\"page\">\n\t\t\t\t\t\t<section class=\"elementor-section elementor-top-section elementor-element elementor-element-8740038 elementor-section-boxed elementor-section-height-default elementor-section-height-default\" data-id=\"8740038\" data-element_type=\"section\" data-e-type=\"section\">\n\t\t\t\t\t\t<div class=\"elementor-container elementor-column-gap-default\">\n\t\t\t\t\t<div class=\"elementor-column elementor-col-100 elementor-top-column elementor-element elementor-element-b5140e3\" data-id=\"b5140e3\" data-element_type=\"column\" data-e-type=\"column\">\n\t\t\t<div class=\"elementor-widget-wrap elementor-element-populated\">\n\t\t\t\t\t\t<div class=\"elementor-element elementor-element-1050fba elementor-widget elementor-widget-text-editor\" data-id=\"1050fba\" data-element_type=\"widget\" data-e-type=\"widget\" data-widget_type=\"text-editor.default\">\n\t\t\t\t<div class=\"elementor-widget-container\">\n\t\t\t\t\t\t\t\t\t<p><span style=\"color: #000000;\">Das EVVTOL-Karrierepartnerprogramm soll Unternehmen in der Automobil-, Luftfahrt-, VTOL-, Luft- und Raumfahrt-, Marine-, Motorrad- und Mobilit\u00e4tsbranche dabei helfen, die mit Wachstum und Wandel einhergehenden Herausforderungen in Bezug auf Talente zu meistern. Das Programm bietet Unternehmen Zugang zu Rekrutierungsveranstaltungen und M\u00f6glichkeiten, mit Studenten und Veteranen in Kontakt zu treten, die sich auf Karrieren in diesen Branchen vorbereiten. Durch dieses Programm k\u00f6nnen Unternehmenspartner auch Studenten und Veteranen bei der Planung ihrer Karriere und der Vorbereitung auf den Arbeitsmarkt unterst\u00fctzen und gleichzeitig zur F\u00f6rderung und Unterst\u00fctzung der Ingenieur-, Technologie- und Technikbranche beitragen. Durch die Teilnahme an dem Programm k\u00f6nnen Unternehmen Kontakte zur n\u00e4chsten Generation talentierter Fachkr\u00e4fte kn\u00fcpfen und sicherstellen, dass diese \u00fcber die F\u00e4higkeiten und das Fachwissen verf\u00fcgen, die f\u00fcr den Erfolg in der sich schnell ver\u00e4ndernden Gesch\u00e4ftslandschaft dieser Branchen erforderlich sind.<\/span><\/p>\t\t\t\t\t\t\t\t<\/div>\n\t\t\t\t<\/div>\n\t\t\t\t\t<\/div>\n\t\t<\/div>\n\t\t\t\t\t<\/div>\n\t\t<\/section>\n\t\t\t\t<section class=\"elementor-section elementor-top-section elementor-element elementor-element-4b10363 elementor-section-boxed elementor-section-height-default elementor-section-height-default\" data-id=\"4b10363\" data-element_type=\"section\" data-e-type=\"section\">\n\t\t\t\t\t\t<div class=\"elementor-container elementor-column-gap-default\">\n\t\t\t\t\t<div class=\"elementor-column elementor-col-100 elementor-top-column elementor-element elementor-element-02147ea\" data-id=\"02147ea\" data-element_type=\"column\" data-e-type=\"column\">\n\t\t\t<div class=\"elementor-widget-wrap elementor-element-populated\">\n\t\t\t\t\t\t<div class=\"elementor-element elementor-element-20aa3ab elementor-widget elementor-widget-heading\" data-id=\"20aa3ab\" data-element_type=\"widget\" data-e-type=\"widget\" data-widget_type=\"heading.default\">\n\t\t\t\t<div class=\"elementor-widget-container\">\n\t\t\t\t\t<h3 class=\"elementor-heading-title elementor-size-default\">Karriere Partner<\/h3>\t\t\t\t<\/div>\n\t\t\t\t<\/div>\n\t\t\t\t\t<\/div>\n\t\t<\/div>\n\t\t\t\t\t<\/div>\n\t\t<\/section>\n\t\t\t\t<\/div>","protected":false},"excerpt":{"rendered":"<p>Das EVVTOL-Karrierepartnerprogramm wurde entwickelt, um Unternehmen in der Automobil-, Luftfahrt-, VTOL- und...<\/p>","protected":false},"author":165558846,"featured_media":0,"parent":0,"menu_order":0,"comment_status":"closed","ping_status":"closed","template":"","meta":{"_crdt_document":"","advanced_seo_description":"","jetpack_seo_html_title":"","jetpack_seo_noindex":false,"footnotes":""},"class_list":["post-40","page","type-page","status-publish","hentry"],"jetpack_likes_enabled":true,"jetpack_sharing_enabled":true,"jetpack_shortlink":"https:\/\/wp.me\/Pep49i-E","jetpack-related-posts":[],"_links":{"self":[{"href":"https:\/\/evvtoltechnation.com\/de\/wp-json\/wp\/v2\/pages\/40","targetHints":{"allow":["GET"]}}],"collection":[{"href":"https:\/\/evvtoltechnation.com\/de\/wp-json\/wp\/v2\/pages"}],"about":[{"href":"https:\/\/evvtoltechnation.com\/de\/wp-json\/wp\/v2\/types\/page"}],"author":[{"embeddable":true,"href":"https:\/\/evvtoltechnation.com\/de\/wp-json\/wp\/v2\/users\/165558846"}],"replies":[{"embeddable":true,"href":"https:\/\/evvtoltechnation.com\/de\/wp-json\/wp\/v2\/comments?post=40"}],"version-history":[{"count":22,"href":"https:\/\/evvtoltechnation.com\/de\/wp-json\/wp\/v2\/pages\/40\/revisions"}],"predecessor-version":[{"id":565,"href":"https:\/\/evvtoltechnation.com\/de\/wp-json\/wp\/v2\/pages\/40\/revisions\/565"}],"wp:attachment":[{"href":"https:\/\/evvtoltechnation.com\/de\/wp-json\/wp\/v2\/media?parent=40"}],"curies":[{"name":"wp","href":"https:\/\/api.w.org\/{rel}","templated":true}]}}