{"id":454,"date":"2023-05-26T15:25:51","date_gmt":"2023-05-26T22:25:51","guid":{"rendered":"https:\/\/evvtoltechnation.com\/?page_id=454"},"modified":"2025-02-23T17:39:26","modified_gmt":"2025-02-24T01:39:26","slug":"tech-force-foundation","status":"publish","type":"page","link":"https:\/\/evvtoltechnation.com\/de\/tech-force-foundation\/","title":{"rendered":"Tech Work Force Stiftung"},"content":{"rendered":"<div data-elementor-type=\"wp-page\" data-elementor-id=\"454\" class=\"elementor elementor-454\" data-elementor-post-type=\"page\">\n\t\t\t\t<div class=\"elementor-element elementor-element-6320086f e-flex e-con-boxed e-con e-parent\" data-id=\"6320086f\" data-element_type=\"container\" data-e-type=\"container\">\n\t\t\t\t\t<div class=\"e-con-inner\">\n\t\t\t\t<div class=\"elementor-element elementor-element-71494f72 elementor-widget elementor-widget-text-editor\" data-id=\"71494f72\" data-element_type=\"widget\" data-e-type=\"widget\" data-widget_type=\"text-editor.default\">\n\t\t\t\t<div class=\"elementor-widget-container\">\n\t\t\t\t\t\t\t\t\t<p><\/p>\n<div class=\"wp-block-group alignfull has-white-color has-text-color has-background is-layout-constrained wp-container-core-group-is-layout-4e281edb wp-block-group-is-layout-constrained\" style=\"background-color: #32434d; padding: 100px;\"><p><\/p>\n<div class=\"wp-block-columns alignwide is-layout-flex wp-container-core-columns-is-layout-7387b849 wp-block-columns-is-layout-flex\"><p><\/p>\n<div class=\"wp-block-column is-layout-flow wp-block-column-is-layout-flow\" style=\"flex-basis: 20%;\"><p><\/p>\n<h5 class=\"wp-block-heading has-text-align-left\" style=\"margin-top: 0px; font-size: 17px; line-height: 1.3;\"><span style=\"color: #ffffff;\">Die Tech Work Force Foundation investiert in die AEI Attract, Educate, Inspire - die Zukunft der Besch\u00e4ftigung im Bereich Technik und Technologie!<\/span><\/h5>\n<p><\/p><\/div>\n<p><\/p>\n<div class=\"wp-block-column is-layout-flow wp-block-column-is-layout-flow\" style=\"flex-basis: 60.66%;\"><p><\/p>\n<div class=\"wp-block-jetpack-slideshow aligncenter\" data-autoplay=\"true\" data-delay=\"5\" data-effect=\"fade\">\n<div class=\"wp-block-jetpack-slideshow_container swiper-container\">\n<ul class=\"wp-block-jetpack-slideshow_swiper-wrapper swiper-wrapper\">\n<li class=\"wp-block-jetpack-slideshow_slide swiper-slide\">\n<figure><img decoding=\"async\" data-recalc-dims=\"1\" class=\"wp-block-jetpack-slideshow_image wp-image-443\" src=\"https:\/\/i0.wp.com\/evvtoltechnation.com\/wp-content\/uploads\/2023\/05\/flying-car.jpg?w=640&#038;quality=89&#038;ssl=1\" alt=\"\" data-id=\"443\"><\/figure>\n<\/li>\n<li class=\"wp-block-jetpack-slideshow_slide swiper-slide\">\n<figure><img fetchpriority=\"high\" decoding=\"async\" width=\"750\" height=\"375\" data-recalc-dims=\"1\" class=\"wp-block-jetpack-slideshow_image wp-image-460\" src=\"https:\/\/i0.wp.com\/evvtoltechnation.com\/wp-content\/uploads\/2023\/05\/Joby-Aviation-Flying-Taxis-1.webp?w=640&#038;quality=80&#038;ssl=1\" alt=\"\" data-id=\"460\" srcset=\"https:\/\/i0.wp.com\/evvtoltechnation.com\/wp-content\/uploads\/2023\/05\/Joby-Aviation-Flying-Taxis-1.webp?w=750&amp;quality=80&amp;ssl=1 750w, https:\/\/i0.wp.com\/evvtoltechnation.com\/wp-content\/uploads\/2023\/05\/Joby-Aviation-Flying-Taxis-1.webp?resize=300%2C150&amp;quality=80&amp;ssl=1 300w\" sizes=\"(max-width: 640px) 100vw, 640px\" \/><\/figure>\n<\/li>\n<li class=\"wp-block-jetpack-slideshow_slide swiper-slide\">\n<figure><img decoding=\"async\" data-recalc-dims=\"1\" height=\"427\" width=\"640\" class=\"wp-block-jetpack-slideshow_image wp-image-462\" src=\"https:\/\/i0.wp.com\/evvtoltechnation.com\/wp-content\/uploads\/2023\/05\/E1-Series-Futuristic-Hydrofoil-Electric-Speedboat-Racing-Series-1.webp?resize=640%2C427&#038;quality=80&#038;ssl=1\" alt=\"\" data-id=\"462\" srcset=\"https:\/\/i0.wp.com\/evvtoltechnation.com\/wp-content\/uploads\/2023\/05\/E1-Series-Futuristic-Hydrofoil-Electric-Speedboat-Racing-Series-1.webp?w=1200&amp;quality=80&amp;ssl=1 1200w, https:\/\/i0.wp.com\/evvtoltechnation.com\/wp-content\/uploads\/2023\/05\/E1-Series-Futuristic-Hydrofoil-Electric-Speedboat-Racing-Series-1.webp?resize=300%2C200&amp;quality=80&amp;ssl=1 300w, https:\/\/i0.wp.com\/evvtoltechnation.com\/wp-content\/uploads\/2023\/05\/E1-Series-Futuristic-Hydrofoil-Electric-Speedboat-Racing-Series-1.webp?resize=1024%2C683&amp;quality=80&amp;ssl=1 1024w, https:\/\/i0.wp.com\/evvtoltechnation.com\/wp-content\/uploads\/2023\/05\/E1-Series-Futuristic-Hydrofoil-Electric-Speedboat-Racing-Series-1.webp?resize=768%2C512&amp;quality=80&amp;ssl=1 768w\" sizes=\"(max-width: 640px) 100vw, 640px\" \/><\/figure>\n<\/li>\n<li class=\"wp-block-jetpack-slideshow_slide swiper-slide\">\n<figure><img decoding=\"async\" data-recalc-dims=\"1\" height=\"480\" width=\"640\" class=\"wp-block-jetpack-slideshow_image wp-image-465\" src=\"https:\/\/i0.wp.com\/evvtoltechnation.com\/wp-content\/uploads\/2023\/05\/E-Semi-Truck-E-Truck-Tech-Nation-2.jpg?resize=640%2C480&#038;quality=89&#038;ssl=1\" alt=\"\" data-id=\"465\"><\/figure>\n<\/li>\n<li class=\"wp-block-jetpack-slideshow_slide swiper-slide\">\n<figure><img loading=\"lazy\" decoding=\"async\" data-recalc-dims=\"1\" height=\"360\" width=\"640\" class=\"wp-block-jetpack-slideshow_image wp-image-467\" src=\"https:\/\/i0.wp.com\/evvtoltechnation.com\/wp-content\/uploads\/2023\/05\/Volkswagen-IDR-World-Record-Pikes-Peak-Race-Car-1.jpg?resize=640%2C360&#038;quality=89&#038;ssl=1\" alt=\"\" data-id=\"467\"><\/figure>\n<\/li>\n<li class=\"wp-block-jetpack-slideshow_slide swiper-slide\">\n<figure><img loading=\"lazy\" decoding=\"async\" data-recalc-dims=\"1\" height=\"360\" width=\"640\" class=\"wp-block-jetpack-slideshow_image wp-image-469\" src=\"https:\/\/i0.wp.com\/evvtoltechnation.com\/wp-content\/uploads\/2023\/05\/20170414_100916.jpg?resize=640%2C360&#038;quality=89&#038;ssl=1\" alt=\"\" data-id=\"469\"><\/figure>\n<\/li>\n<\/ul>\n<div class=\"wp-block-jetpack-slideshow_pagination swiper-pagination swiper-pagination-white\">&nbsp;<\/div>\n<\/div>\n<\/div>\n<p><\/p><\/div>\n<p><\/p><\/div>\n<p><\/p>\n<div class=\"wp-block-columns alignwide is-layout-flex wp-container-core-columns-is-layout-7387b849 wp-block-columns-is-layout-flex\"><p><br><br><\/p>\n<div class=\"wp-block-column is-layout-flow wp-block-column-is-layout-flow\" style=\"flex-basis: 66.66%;\"><p><\/p>\n<p class=\"has-black-color has-white-background-color has-text-color has-background wp-block-paragraph\">Investitionen in die Zukunft unserer jungen Menschen und Veteranen durch Besch\u00e4ftigung und berufliche Entwicklung sind von entscheidender Bedeutung, insbesondere in der sich schnell entwickelnden Technologiebranche. Durch die Finanzierung von Studenten und Veteranen in technischen Programmen, die mit der Luft- und Raumfahrt-, Automobil-, Luftfahrt-, Marine-, Mobilit\u00e4ts- und Motorradindustrie zusammenh\u00e4ngen, kann die Tech Workforce Foundation eine wichtige Rolle bei der Vorbereitung auf die Arbeitswelt spielen.<\/p>\n<p><\/p>\n<p class=\"has-black-color has-white-background-color has-text-color has-background wp-block-paragraph\">Indem wir Studenten und Veteranen in diesen Bereichen unterst\u00fctzen, k\u00f6nnen wir ihnen die notwendigen F\u00e4higkeiten und Kenntnisse vermitteln, um sich in ihrer beruflichen Laufbahn zu behaupten. Au\u00dferdem k\u00f6nnen wir den wachsenden Bedarf an qualifizierten Fachkr\u00e4ften in Branchen wie der Luft- und Raumfahrt, der Automobilindustrie, der Luftfahrt, der Schifffahrt, der Mobilit\u00e4t und der Motorradindustrie decken.<\/p>\n<p><\/p>\n<p class=\"has-black-color has-white-background-color has-text-color has-background wp-block-paragraph\"><strong>Hier sind einige M\u00f6glichkeiten, wie die Investitionen der Tech Work Force Foundation eine positive Wirkung entfalten k\u00f6nnen:<\/strong><\/p>\n<p><\/p>\n<p class=\"has-black-color has-white-background-color has-text-color has-background wp-block-paragraph\"><strong>Zugang zu Bildung:<\/strong> Die Finanzierung kann Studenten und Veteranen den Zugang zu hochwertigen technischen Studieng\u00e4ngen erleichtern, indem sie finanzielle Unterst\u00fctzung f\u00fcr Studiengeb\u00fchren, Materialien und andere Ausbildungskosten bereitstellt. Dadurch wird sichergestellt, dass talentierte Personen unabh\u00e4ngig von ihrem finanziellen Hintergrund die M\u00f6glichkeit haben, eine Ausbildung in diesen Branchen zu absolvieren.<\/p>\n<p><strong>Entwicklung von Fertigkeiten: <\/strong>Durch die Unterst\u00fctzung der Stiftung k\u00f6nnen Studenten und Veteranen eine umfassende Ausbildung in den von ihnen gew\u00e4hlten technischen Studieng\u00e4ngen erhalten. Dazu geh\u00f6ren sowohl theoretische Kenntnisse als auch praktische Erfahrungen, die sie mit den F\u00e4higkeiten ausstatten, die sie f\u00fcr eine erfolgreiche berufliche Laufbahn ben\u00f6tigen.<\/p>\n<p><strong><br>Verbindungen zur Industrie: <\/strong>Die Stiftung kann Studenten und Veteranen Kontakte zu Fachleuten und Unternehmen in der Luft- und Raumfahrt-, Automobil-, Luftfahrt-, Schifffahrts-, Mobilit\u00e4ts- und Motorradbranche vermitteln. Auf diese Weise k\u00f6nnen Studenten und Veteranen Einblicke gewinnen, Beziehungen aufbauen und potenzielle Besch\u00e4ftigungsm\u00f6glichkeiten erkunden.<\/p>\n<p><strong><br>Programme f\u00fcr den \u00dcbergang in die Arbeitswelt: <\/strong>Die Stiftung kann Initiativen unterst\u00fctzen, die Studenten und Veteranen Arbeitserfahrung und Praktika bieten. Diese Programme \u00fcberbr\u00fccken die Kluft zwischen Ausbildung und Besch\u00e4ftigung und geben Studenten und Veteranen die M\u00f6glichkeit, ihre F\u00e4higkeiten in realen Szenarien anzuwenden und ihre Besch\u00e4ftigungsf\u00e4higkeit zu verbessern.<\/p>\n<p><strong><br>M\u00f6glichkeiten f\u00fcr Praktika und Lehrlingsausbildung: <\/strong>In Zusammenarbeit mit Unternehmen aus der Luft- und Raumfahrt-, Automobil-, Luftfahrt-, Schifffahrts-, Mobilit\u00e4ts- und Motorradbranche kann die Stiftung Praktikums- und Ausbildungsm\u00f6glichkeiten f\u00fcr Studenten und Veteranen schaffen. So k\u00f6nnen sie wertvolle Arbeitserfahrungen sammeln und Kontakte in ihrem gew\u00e4hlten Bereich kn\u00fcpfen.<\/p>\n<p><strong><br><\/strong><\/p><p><strong>Berufsberatung und Mentoring:<\/strong> Die Stiftung kann Berufsberatungs- und Mentorenprogramme anbieten, die Studierende mit Branchenexperten zusammenbringen, die sie auf ihrem Karriereweg beraten und unterst\u00fctzen k\u00f6nnen.<\/p>\n<p><strong><br>Partnerschaften mit der Industrie:<\/strong> Die Zusammenarbeit mit Unternehmen, Branchenverb\u00e4nden und Bildungseinrichtungen ist entscheidend f\u00fcr den Erfolg solcher Initiativen. Durch die F\u00f6rderung von Partnerschaften kann die Stiftung sicherstellen, dass die Programme auf die Bed\u00fcrfnisse und Trends der Branche abgestimmt sind und einen nahtlosen \u00dcbergang von der Ausbildung zur Besch\u00e4ftigung erm\u00f6glichen.<\/p>\n<p><\/p>\n<p class=\"has-black-color has-white-background-color has-text-color has-background wp-block-paragraph\">Durch Investitionen in die Ausbildung von Sch\u00fclern und Studenten, in die Qualifizierung von Veteranen und in Programme f\u00fcr den \u00dcbergang ins Berufsleben kann die Tech Workforce Foundation wesentlich dazu beitragen, qualifizierte und f\u00e4hige Arbeitskr\u00e4fte f\u00fcr die Luft- und Raumfahrt-, Automobil-, Luftfahrt-, Marine-, Mobilit\u00e4ts- und Motorradindustrie zu schaffen. Dies wiederum wird den Menschen, den Branchen und der gesamten Wirtschaft zugute kommen.<\/p>\n<p><\/p><\/div>\n<p><\/p>\n<div class=\"wp-block-column is-vertically-aligned-top is-layout-flow wp-block-column-is-layout-flow\" style=\"flex-basis: 33.33%;\"><p><\/p>\n<p class=\"has-small-font-size wp-block-paragraph\">\n<\/p><p><\/p>\n<h4>Wenden Sie sich an EVVTOL Tech Nation, wenn Sie Interesse haben, die Zukunft von Sch\u00fclern und Studenten zu unterst\u00fctzen und in sie zu investieren. <em>Veteran<\/em>&nbsp;durch das Sponsoring unserer f\u00fchrenden Karrieremesse f\u00fcr junge Ingenieure und k\u00fcnftige Studenten und Veteranen in der Technologiebranche in eine Hightech-Karriere einsteigen!<\/h4>\n<p class=\"wp-block-paragraph\"><\/p><\/div>\n<p><\/p><\/div>\n<p><\/p><\/div>\n<p><\/p>\t\t\t\t\t\t\t\t<\/div>\n\t\t\t\t<\/div>\n\t\t\t\t\t<\/div>\n\t\t\t\t<\/div>\n\t\t\t\t<\/div>","protected":false},"excerpt":{"rendered":"<p>Tech Work Force Foundation is investing in AEI Attract, Educate, Inspire the future of engineering&#8230;<\/p>","protected":false},"author":165558846,"featured_media":0,"parent":0,"menu_order":0,"comment_status":"closed","ping_status":"closed","template":"","meta":{"_crdt_document":"","advanced_seo_description":"Investing in the future of young people through employment and career development is crucial, especially in the rapidly evolving tech industry. By funding students in tech programs related to the aerospace, automotive, aviation, marine, mobility, and motorcycle industries, the Tech Workforce Foundation can play a significant role in preparing individuals for the workforce.","jetpack_seo_html_title":"Tech Force Foundation","jetpack_seo_noindex":false,"footnotes":""},"class_list":["post-454","page","type-page","status-publish","hentry"],"jetpack_likes_enabled":true,"jetpack_sharing_enabled":true,"jetpack_shortlink":"https:\/\/wp.me\/Pep49i-7k","jetpack-related-posts":[],"_links":{"self":[{"href":"https:\/\/evvtoltechnation.com\/de\/wp-json\/wp\/v2\/pages\/454","targetHints":{"allow":["GET"]}}],"collection":[{"href":"https:\/\/evvtoltechnation.com\/de\/wp-json\/wp\/v2\/pages"}],"about":[{"href":"https:\/\/evvtoltechnation.com\/de\/wp-json\/wp\/v2\/types\/page"}],"author":[{"embeddable":true,"href":"https:\/\/evvtoltechnation.com\/de\/wp-json\/wp\/v2\/users\/165558846"}],"replies":[{"embeddable":true,"href":"https:\/\/evvtoltechnation.com\/de\/wp-json\/wp\/v2\/comments?post=454"}],"version-history":[{"count":30,"href":"https:\/\/evvtoltechnation.com\/de\/wp-json\/wp\/v2\/pages\/454\/revisions"}],"predecessor-version":[{"id":1750,"href":"https:\/\/evvtoltechnation.com\/de\/wp-json\/wp\/v2\/pages\/454\/revisions\/1750"}],"wp:attachment":[{"href":"https:\/\/evvtoltechnation.com\/de\/wp-json\/wp\/v2\/media?parent=454"}],"curies":[{"name":"wp","href":"https:\/\/api.w.org\/{rel}","templated":true}]}}