{"id":102,"date":"2023-04-12T19:48:02","date_gmt":"2023-04-13T02:48:02","guid":{"rendered":"https:\/\/evvtoltechnation.com\/?page_id=102"},"modified":"2025-02-23T17:45:58","modified_gmt":"2025-02-24T01:45:58","slug":"acerca-de","status":"publish","type":"page","link":"https:\/\/evvtoltechnation.com\/es\/acerca-de\/","title":{"rendered":"Acerca de"},"content":{"rendered":"<div data-elementor-type=\"wp-page\" data-elementor-id=\"102\" class=\"elementor elementor-102\" data-elementor-post-type=\"page\">\n\t\t\t\t\t\t<section class=\"elementor-section elementor-top-section elementor-element elementor-element-f43d875 elementor-section-boxed elementor-section-height-default elementor-section-height-default\" data-id=\"f43d875\" data-element_type=\"section\" data-e-type=\"section\">\n\t\t\t\t\t\t<div class=\"elementor-container elementor-column-gap-default\">\n\t\t\t\t\t<div class=\"elementor-column elementor-col-100 elementor-top-column elementor-element elementor-element-24e8afa\" data-id=\"24e8afa\" data-element_type=\"column\" data-e-type=\"column\">\n\t\t\t<div class=\"elementor-widget-wrap elementor-element-populated\">\n\t\t\t\t\t\t<div class=\"elementor-element elementor-element-acc9e75 elementor-widget__width-initial elementor-widget elementor-widget-text-editor\" data-id=\"acc9e75\" data-element_type=\"widget\" data-e-type=\"widget\" data-widget_type=\"text-editor.default\">\n\t\t\t\t<div class=\"elementor-widget-container\">\n\t\t\t\t\t\t\t\t\t<h3><strong><img decoding=\"async\" data-attachment-id=\"15\" data-permalink=\"https:\/\/evvtoltechnation.com\/es\/2023\/07\/13\/hyundai-canada-reconocida-por-great-place-to-work-como-el-mejor-empleador-para-los-jovenes\/evvtol-tech-nation-vs\/\" data-orig-file=\"https:\/\/i0.wp.com\/evvtoltechnation.com\/wp-content\/uploads\/2022\/12\/EVVTOL-Tech-Nation-vs.webp?fit=100%2C51&amp;quality=80&amp;ssl=1\" data-orig-size=\"100,51\" data-comments-opened=\"1\" data-image-meta=\"{&quot;aperture&quot;:&quot;0&quot;,&quot;credit&quot;:&quot;&quot;,&quot;camera&quot;:&quot;&quot;,&quot;caption&quot;:&quot;&quot;,&quot;created_timestamp&quot;:&quot;0&quot;,&quot;copyright&quot;:&quot;&quot;,&quot;focal_length&quot;:&quot;0&quot;,&quot;iso&quot;:&quot;0&quot;,&quot;shutter_speed&quot;:&quot;0&quot;,&quot;title&quot;:&quot;&quot;,&quot;orientation&quot;:&quot;0&quot;}\" data-image-title=\"EVVTOL Tech Nation\" data-image-description=\"\" data-image-caption=\"\" data-medium-file=\"https:\/\/i0.wp.com\/evvtoltechnation.com\/wp-content\/uploads\/2022\/12\/EVVTOL-Tech-Nation-vs.webp?fit=100%2C51&amp;quality=80&amp;ssl=1\" data-large-file=\"https:\/\/i0.wp.com\/evvtoltechnation.com\/wp-content\/uploads\/2022\/12\/EVVTOL-Tech-Nation-vs.webp?fit=100%2C51&amp;quality=80&amp;ssl=1\" data-recalc-dims=\"1\" class=\"alignnone size-full wp-image-15\" src=\"https:\/\/i0.wp.com\/evvtoltechnation.com\/wp-content\/uploads\/2022\/12\/EVVTOL-Tech-Nation-vs.png?resize=100%2C51&#038;quality=80&#038;ssl=1\" alt=\"EVVTOL Naci\u00f3n Tecnol\u00f3gica\" width=\"100\" height=\"51\" \/><\/strong><\/h3><h3><span style=\"color: #000000;\"><strong>EVVTOL Naci\u00f3n Tecnol\u00f3gica<\/strong><\/span><\/h3><p><span style=\"color: #000000;\"><strong>EVVTOL Tech Nation reimagina un camino hacia el 21<sup>st<\/sup> Innovaciones tecnol\u00f3gicas y de ingenier\u00eda del siglo XXI.<\/strong><\/span><\/p><p><span style=\"color: #000000;\"><strong>El papel fundamental que desempe\u00f1amos en EVVTOL Tech Nation es:<\/strong><br \/><\/span><\/p><ul><li><span style=\"color: #000000;\">Centrar la atenci\u00f3n en los campos de la ingenier\u00eda y el empleo tecnol\u00f3gico para el crecimiento y la sostenibilidad futuros.<\/span><\/li><li><span style=\"color: #000000;\">Facilitar y unir a visionarios, ingenieros y personal de apoyo t\u00e9cnico a trav\u00e9s del liderazgo.<\/span><\/li><li><span style=\"color: #000000;\">Afrontar la escasez de personal<\/span><\/li><li><span style=\"color: #000000;\">Resuelva de frente los problemas m\u00e1s dif\u00edciles del mundo con personal cualificado de ingenier\u00eda y asistencia t\u00e9cnica para futuros empleos en los sectores de automoci\u00f3n, aviaci\u00f3n, VTOL, aeroespacial, naval, motocicletas y movilidad.<\/span><\/li><\/ul><p><span style=\"color: #000000;\">Nuestra misi\u00f3n es Atraer y Educar e Inspirar (AEI) a la pr\u00f3xima generaci\u00f3n de ingenieros y profesionales t\u00e9cnicos en los campos de la ingenier\u00eda aeroespacial eVTOL, aviaci\u00f3n, automoci\u00f3n, n\u00e1utica, motocicletas, movilidad y deportes de motor, y carreras t\u00e9cnicas.<\/span><\/p><p><span style=\"color: #000000;\">Innovador en su alcance y de misi\u00f3n cr\u00edtica para EVVTOL Tech Nation, es introducir el plan (AEI) a la Cumbre de la Carrera EVVTOL como un componente de la mayor EVVTOL Tech Show Expo.<\/span><\/p><p><span style=\"color: #000000;\">Para reafirmar los objetivos de la (AEI), el Consejo Asesor de la EVVTOL Tech Nation centra sus esfuerzos en exponer a un p\u00fablico diverso las innovaciones tecnol\u00f3gicas y de ingenier\u00eda avanzadas para todas las diversas aplicaciones que forman parte integral de la viabilidad de la automoci\u00f3n, el eVTOL aeroespacial, la aviaci\u00f3n, la marina, la motocicleta, la movilidad y los deportes de motor.<\/span><\/p><p><span style=\"color: #000000;\">El Consejo Asesor de la Naci\u00f3n Tecnol\u00f3gica EVVTOL desarrollar\u00e1 el plan (AEI) centr\u00e1ndose en los estudiantes de secundaria, bachillerato y universidad, as\u00ed como en otras personas que busquen oportunidades profesionales m\u00e1s significativas y satisfactorias en estas soluciones y actividades industriales orientadas al futuro.<\/span><\/p><p><span style=\"color: #000000;\"><strong>Fundaci\u00f3n Tech Workforce:<\/strong><\/span><\/p><p><span style=\"color: #000000;\">Invertir en el futuro de los j\u00f3venes a trav\u00e9s del empleo y el desarrollo profesional es crucial, especialmente en la industria tecnol\u00f3gica, en r\u00e1pida evoluci\u00f3n. Al financiar a estudiantes de programas tecnol\u00f3gicos relacionados con las industrias aeroespacial, automovil\u00edstica, aeron\u00e1utica, naval, de movilidad y de motocicletas, la Tech Workforce Foundation puede desempe\u00f1ar un papel importante en la preparaci\u00f3n de las personas para el mercado laboral.<\/span><\/p><p><span style=\"color: #000000;\">Apoyando a los estudiantes en estos campos, podemos proporcionarles las habilidades y conocimientos necesarios para sobresalir en sus carreras. Tambi\u00e9n podemos contribuir a la creciente demanda de profesionales cualificados en sectores como el aeroespacial, la automoci\u00f3n, la aviaci\u00f3n, la marina, la movilidad y la motocicleta.<\/span><\/p>\t\t\t\t\t\t\t\t<\/div>\n\t\t\t\t<\/div>\n\t\t\t\t\t<\/div>\n\t\t<\/div>\n\t\t\t\t\t<\/div>\n\t\t<\/section>\n\t\t\t\t<section class=\"elementor-section elementor-top-section elementor-element elementor-element-059966c elementor-section-boxed elementor-section-height-default elementor-section-height-default\" data-id=\"059966c\" data-element_type=\"section\" data-e-type=\"section\">\n\t\t\t\t\t\t<div class=\"elementor-container elementor-column-gap-default\">\n\t\t\t\t\t<div class=\"elementor-column elementor-col-100 elementor-top-column elementor-element elementor-element-bf3ebb7\" data-id=\"bf3ebb7\" data-element_type=\"column\" data-e-type=\"column\">\n\t\t\t<div class=\"elementor-widget-wrap elementor-element-populated\">\n\t\t\t\t\t\t<div class=\"elementor-element elementor-element-62a0456 elementor-widget elementor-widget-text-editor\" data-id=\"62a0456\" data-element_type=\"widget\" data-e-type=\"widget\" data-widget_type=\"text-editor.default\">\n\t\t\t\t<div class=\"elementor-widget-container\">\n\t\t\t\t\t\t\t\t\t<h3><img decoding=\"async\" data-attachment-id=\"110\" data-permalink=\"https:\/\/evvtoltechnation.com\/es\/2024\/03\/18\/bentley-motors-anuncia-la-tercera-edicion-de-su-iniciativa-mujeres-extraordinarias-dirigida-a-estudiantes-de-ingenieria-diseno-tecnologia-y-empresariales-para-2024\/evvtol-corporate-logo-for-evh-news\/\" data-orig-file=\"https:\/\/i0.wp.com\/evvtoltechnation.com\/wp-content\/uploads\/2023\/01\/EVVTOL-Corporate-Logo-for-EVH-News.webp?fit=150%2C86&amp;quality=80&amp;ssl=1\" data-orig-size=\"150,86\" data-comments-opened=\"1\" data-image-meta=\"{&quot;aperture&quot;:&quot;0&quot;,&quot;credit&quot;:&quot;&quot;,&quot;camera&quot;:&quot;&quot;,&quot;caption&quot;:&quot;&quot;,&quot;created_timestamp&quot;:&quot;0&quot;,&quot;copyright&quot;:&quot;&quot;,&quot;focal_length&quot;:&quot;0&quot;,&quot;iso&quot;:&quot;0&quot;,&quot;shutter_speed&quot;:&quot;0&quot;,&quot;title&quot;:&quot;&quot;,&quot;orientation&quot;:&quot;0&quot;}\" data-image-title=\"EVVTOL Corporate Logo for EVH News\" data-image-description=\"\" data-image-caption=\"\" data-medium-file=\"https:\/\/i0.wp.com\/evvtoltechnation.com\/wp-content\/uploads\/2023\/01\/EVVTOL-Corporate-Logo-for-EVH-News.webp?fit=150%2C86&amp;quality=80&amp;ssl=1\" data-large-file=\"https:\/\/i0.wp.com\/evvtoltechnation.com\/wp-content\/uploads\/2023\/01\/EVVTOL-Corporate-Logo-for-EVH-News.webp?fit=150%2C86&amp;quality=80&amp;ssl=1\" data-recalc-dims=\"1\" class=\"wp-image-110 alignnone\" src=\"https:\/\/i0.wp.com\/evvtoltechnation.com\/wp-content\/uploads\/2023\/01\/EVVTOL-Corporate-Logo-for-EVH-News.png?resize=98%2C56&#038;quality=80&#038;ssl=1\" alt=\"\" width=\"98\" height=\"56\" \/><br \/><span style=\"color: #000000;\"><strong>Acerca de EVVTOL<\/strong><\/span><\/h3><ul><li><span style=\"color: #000000;\">EVVTOL es una nueva corporaci\u00f3n que se presenta como la organizaci\u00f3n m\u00e1s influyente a nivel mundial de eventos y exposiciones sobre tecnolog\u00eda del futuro, posicion\u00e1ndose estrat\u00e9gicamente para facilitar con \u00e9xito las necesidades de los clientes de la industria del transporte mar\u00edtimo, aeroespacial, de aviaci\u00f3n y VTOL.<\/span><\/li><li><span style=\"color: #000000;\">El objetivo de EVVTOL es dar a conocer el sector de los veh\u00edculos el\u00e9ctricos, la aviaci\u00f3n y el transporte a\u00e9reo y mar\u00edtimo, y presentar los principales veh\u00edculos y componentes aeroespaciales y a\u00e9reos en el mundo de la tecnolog\u00eda electr\u00f3nica mediante la presentaci\u00f3n y exhibici\u00f3n de tecnolog\u00eda punta en materia de bater\u00edas y veh\u00edculos el\u00e9ctricos y a\u00e9reos.<\/span><\/li><li><span style=\"color: #000000;\">La misi\u00f3n de EVVTOL es presentar m\u00faltiples ferias y exposiciones tecnol\u00f3gicas, incluidas influyentes cumbres empresariales de alto nivel sobre veh\u00edculos el\u00e9ctricos, basadas en la doble tem\u00e1tica del compromiso empresarial con los principales fabricantes que trabajan en el sector de los veh\u00edculos el\u00e9ctricos y la movilidad el\u00e9ctrica, la tecnolog\u00eda de la informaci\u00f3n sobre veh\u00edculos energ\u00e9ticos y el sector de las bater\u00edas y la infraestructura de recarga. Estos eventos son una excelente oportunidad para conocer y debatir los \u00faltimos avances tecnol\u00f3gicos innovadores en el sector de los veh\u00edculos el\u00e9ctricos, as\u00ed como los retos que a\u00fan plantea la energ\u00eda de las bater\u00edas.<\/span><\/li><\/ul><p><span style=\"color: #000000;\">\u00a0EVVTOL<br \/>19200 Von Karman Avenue, Irvine, CA, 92612<br \/>(evvtol.org)<\/span><br \/><span style=\"color: #000000;\">\u00a0877-4EV-VTOL (877-438-8865)<\/span><\/p>\t\t\t\t\t\t\t\t<\/div>\n\t\t\t\t<\/div>\n\t\t\t\t\t<\/div>\n\t\t<\/div>\n\t\t\t\t\t<\/div>\n\t\t<\/section>\n\t\t\t\t<\/div>","protected":false},"excerpt":{"rendered":"<p>EVVTOL Tech Nation EVVTOL Tech Nation est\u00e1 reimaginando un camino hacia la ingenier\u00eda del siglo XXI y...<\/p>","protected":false},"author":165558846,"featured_media":0,"parent":0,"menu_order":0,"comment_status":"closed","ping_status":"closed","template":"","meta":{"_crdt_document":"","advanced_seo_description":"","jetpack_seo_html_title":"","jetpack_seo_noindex":false,"jetpack_post_was_ever_published":false,"footnotes":""},"class_list":["post-102","page","type-page","status-publish","hentry"],"jetpack_likes_enabled":true,"jetpack_sharing_enabled":true,"jetpack_shortlink":"https:\/\/wp.me\/Pep49i-1E","jetpack-related-posts":[],"_links":{"self":[{"href":"https:\/\/evvtoltechnation.com\/es\/wp-json\/wp\/v2\/pages\/102","targetHints":{"allow":["GET"]}}],"collection":[{"href":"https:\/\/evvtoltechnation.com\/es\/wp-json\/wp\/v2\/pages"}],"about":[{"href":"https:\/\/evvtoltechnation.com\/es\/wp-json\/wp\/v2\/types\/page"}],"author":[{"embeddable":true,"href":"https:\/\/evvtoltechnation.com\/es\/wp-json\/wp\/v2\/users\/165558846"}],"replies":[{"embeddable":true,"href":"https:\/\/evvtoltechnation.com\/es\/wp-json\/wp\/v2\/comments?post=102"}],"version-history":[{"count":42,"href":"https:\/\/evvtoltechnation.com\/es\/wp-json\/wp\/v2\/pages\/102\/revisions"}],"predecessor-version":[{"id":1752,"href":"https:\/\/evvtoltechnation.com\/es\/wp-json\/wp\/v2\/pages\/102\/revisions\/1752"}],"wp:attachment":[{"href":"https:\/\/evvtoltechnation.com\/es\/wp-json\/wp\/v2\/media?parent=102"}],"curies":[{"name":"wp","href":"https:\/\/api.w.org\/{rel}","templated":true}]}}