{"id":187,"date":"2023-04-28T19:46:13","date_gmt":"2023-04-29T02:46:13","guid":{"rendered":"https:\/\/evvtoltechnation.com\/?page_id=187"},"modified":"2023-06-17T20:10:41","modified_gmt":"2023-06-18T03:10:41","slug":"socios-educativos-de-evvtol","status":"publish","type":"page","link":"https:\/\/evvtoltechnation.com\/es\/socios-educativos-de-evvtol\/","title":{"rendered":"Socios en educaci\u00f3n"},"content":{"rendered":"<div data-elementor-type=\"wp-page\" data-elementor-id=\"187\" class=\"elementor elementor-187\" data-elementor-post-type=\"page\">\n\t\t\t\t\t\t<section class=\"elementor-section elementor-top-section elementor-element elementor-element-a9f73a0 elementor-section-boxed elementor-section-height-default elementor-section-height-default\" data-id=\"a9f73a0\" data-element_type=\"section\" data-e-type=\"section\">\n\t\t\t\t\t\t<div class=\"elementor-container elementor-column-gap-default\">\n\t\t\t\t\t<div class=\"elementor-column elementor-col-100 elementor-top-column elementor-element elementor-element-4dd5f1a\" data-id=\"4dd5f1a\" data-element_type=\"column\" data-e-type=\"column\">\n\t\t\t<div class=\"elementor-widget-wrap elementor-element-populated\">\n\t\t\t\t\t\t<div class=\"elementor-element elementor-element-29548c9 elementor-widget elementor-widget-text-editor\" data-id=\"29548c9\" data-element_type=\"widget\" data-e-type=\"widget\" data-widget_type=\"text-editor.default\">\n\t\t\t\t<div class=\"elementor-widget-container\">\n\t\t\t\t\t\t\t\t\t<p><span style=\"color: #000000;\">Comprometerse con los socios educativos y facilitar la colaboraci\u00f3n entre empresas, particulares y escuelas es una forma eficaz de aportar relevancia del mundo real a la educaci\u00f3n y preparar a los estudiantes para futuras oportunidades. Al proporcionar a los estudiantes acceso a pr\u00e1cticas, programas de tutor\u00eda y experiencias de inmersi\u00f3n, EVVTOL Tech Nation puede ayudarles a desarrollar habilidades pr\u00e1cticas, adquirir conocimientos de la industria y establecer conexiones significativas con profesionales en sus campos de inter\u00e9s.<\/span><\/p><p><span style=\"color: #000000;\">A trav\u00e9s de estas asociaciones, las empresas pueden contribuir activamente al ecosistema educativo compartiendo su experiencia, proporcionando recursos y ofreciendo oportunidades de aprendizaje pr\u00e1ctico. Esta colaboraci\u00f3n permite a los estudiantes aplicar sus conocimientos en contextos reales, comprender las expectativas del sector y desarrollar competencias esenciales que se valoran en el mercado laboral.<\/span><\/p><p><span style=\"color: #000000;\">Adem\u00e1s, los socios educativos pueden beneficiarse de la colaboraci\u00f3n con EVVTOL Tech Nation aprovechando una reserva de talento de estudiantes motivados y bien preparados. Al participar en las iniciativas educativas coordinadas por EVVTOL Tech Nation, las empresas pueden identificar a futuros empleados potenciales, contribuir al desarrollo de la mano de obra en su sector y establecer su marca como defensora de la educaci\u00f3n y el compromiso con la comunidad.<\/span><\/p><p><span style=\"color: #000000;\">En general, al conectar a empresas y particulares con escuelas y organizaciones al servicio de los j\u00f3venes, EVVTOL Tech Nation puede crear un ecosistema mutuamente beneficioso que enriquezca las experiencias educativas, fomente la colaboraci\u00f3n y prepare a los estudiantes para el mundo que les espera.<\/span><\/p>\t\t\t\t\t\t\t\t<\/div>\n\t\t\t\t<\/div>\n\t\t\t\t\t<\/div>\n\t\t<\/div>\n\t\t\t\t\t<\/div>\n\t\t<\/section>\n\t\t\t\t<\/div>","protected":false},"excerpt":{"rendered":"<p>Engaging with education partners and facilitating collaboration between businesses, individuals, and schools is a powerful&#8230;<\/p>","protected":false},"author":165558846,"featured_media":0,"parent":0,"menu_order":0,"comment_status":"closed","ping_status":"closed","template":"","meta":{"_crdt_document":"","advanced_seo_description":"","jetpack_seo_html_title":"","jetpack_seo_noindex":false,"jetpack_post_was_ever_published":false,"footnotes":""},"class_list":["post-187","page","type-page","status-publish","hentry"],"jetpack_likes_enabled":true,"jetpack_sharing_enabled":true,"jetpack_shortlink":"https:\/\/wp.me\/Pep49i-31","jetpack-related-posts":[],"_links":{"self":[{"href":"https:\/\/evvtoltechnation.com\/es\/wp-json\/wp\/v2\/pages\/187","targetHints":{"allow":["GET"]}}],"collection":[{"href":"https:\/\/evvtoltechnation.com\/es\/wp-json\/wp\/v2\/pages"}],"about":[{"href":"https:\/\/evvtoltechnation.com\/es\/wp-json\/wp\/v2\/types\/page"}],"author":[{"embeddable":true,"href":"https:\/\/evvtoltechnation.com\/es\/wp-json\/wp\/v2\/users\/165558846"}],"replies":[{"embeddable":true,"href":"https:\/\/evvtoltechnation.com\/es\/wp-json\/wp\/v2\/comments?post=187"}],"version-history":[{"count":9,"href":"https:\/\/evvtoltechnation.com\/es\/wp-json\/wp\/v2\/pages\/187\/revisions"}],"predecessor-version":[{"id":616,"href":"https:\/\/evvtoltechnation.com\/es\/wp-json\/wp\/v2\/pages\/187\/revisions\/616"}],"wp:attachment":[{"href":"https:\/\/evvtoltechnation.com\/es\/wp-json\/wp\/v2\/media?parent=187"}],"curies":[{"name":"wp","href":"https:\/\/api.w.org\/{rel}","templated":true}]}}