{"id":40,"date":"2022-12-25T17:03:37","date_gmt":"2022-12-26T01:03:37","guid":{"rendered":"https:\/\/evvtoltechnation.com\/?page_id=40"},"modified":"2023-06-04T17:18:15","modified_gmt":"2023-06-05T00:18:15","slug":"socios-profesionales-de-evvtol","status":"publish","type":"page","link":"https:\/\/evvtoltechnation.com\/es\/socios-profesionales-de-evvtol\/","title":{"rendered":"Socios profesionales"},"content":{"rendered":"<div data-elementor-type=\"wp-page\" data-elementor-id=\"40\" class=\"elementor elementor-40\" data-elementor-post-type=\"page\">\n\t\t\t\t\t\t<section class=\"elementor-section elementor-top-section elementor-element elementor-element-8740038 elementor-section-boxed elementor-section-height-default elementor-section-height-default\" data-id=\"8740038\" data-element_type=\"section\" data-e-type=\"section\">\n\t\t\t\t\t\t<div class=\"elementor-container elementor-column-gap-default\">\n\t\t\t\t\t<div class=\"elementor-column elementor-col-100 elementor-top-column elementor-element elementor-element-b5140e3\" data-id=\"b5140e3\" data-element_type=\"column\" data-e-type=\"column\">\n\t\t\t<div class=\"elementor-widget-wrap elementor-element-populated\">\n\t\t\t\t\t\t<div class=\"elementor-element elementor-element-1050fba elementor-widget elementor-widget-text-editor\" data-id=\"1050fba\" data-element_type=\"widget\" data-e-type=\"widget\" data-widget_type=\"text-editor.default\">\n\t\t\t\t<div class=\"elementor-widget-container\">\n\t\t\t\t\t\t\t\t\t<p><span style=\"color: #000000;\">El programa EVVTOL Career Partners est\u00e1 dise\u00f1ado para ayudar a las empresas de los sectores de automoci\u00f3n, aviaci\u00f3n, VTOL, aeroespacial, naval, motocicletas y movilidad a afrontar los retos de talento que conllevan el crecimiento y el cambio. El programa proporciona a las empresas acceso a eventos de reclutamiento y oportunidades para conectar con estudiantes y veteranos que se est\u00e1n preparando para carreras en estas industrias. A trav\u00e9s de este programa, los socios corporativos tambi\u00e9n pueden apoyar a los estudiantes y veteranos en la planificaci\u00f3n de sus carreras y la preparaci\u00f3n para el mercado laboral, al tiempo que ayudan en la promoci\u00f3n y el apoyo a las industrias de ingenier\u00eda, tecnolog\u00eda y tecnolog\u00eda. Al participar en el programa, las empresas pueden conectar con la pr\u00f3xima generaci\u00f3n de profesionales con talento y asegurarse de que cuentan con las habilidades y la experiencia necesarias para tener \u00e9xito en el panorama empresarial de estas industrias, que cambia r\u00e1pidamente.<\/span><\/p>\t\t\t\t\t\t\t\t<\/div>\n\t\t\t\t<\/div>\n\t\t\t\t\t<\/div>\n\t\t<\/div>\n\t\t\t\t\t<\/div>\n\t\t<\/section>\n\t\t\t\t<section class=\"elementor-section elementor-top-section elementor-element elementor-element-4b10363 elementor-section-boxed elementor-section-height-default elementor-section-height-default\" data-id=\"4b10363\" data-element_type=\"section\" data-e-type=\"section\">\n\t\t\t\t\t\t<div class=\"elementor-container elementor-column-gap-default\">\n\t\t\t\t\t<div class=\"elementor-column elementor-col-100 elementor-top-column elementor-element elementor-element-02147ea\" data-id=\"02147ea\" data-element_type=\"column\" data-e-type=\"column\">\n\t\t\t<div class=\"elementor-widget-wrap elementor-element-populated\">\n\t\t\t\t\t\t<div class=\"elementor-element elementor-element-20aa3ab elementor-widget elementor-widget-heading\" data-id=\"20aa3ab\" data-element_type=\"widget\" data-e-type=\"widget\" data-widget_type=\"heading.default\">\n\t\t\t\t<div class=\"elementor-widget-container\">\n\t\t\t\t\t<h3 class=\"elementor-heading-title elementor-size-default\">Socios profesionales<\/h3>\t\t\t\t<\/div>\n\t\t\t\t<\/div>\n\t\t\t\t\t<\/div>\n\t\t<\/div>\n\t\t\t\t\t<\/div>\n\t\t<\/section>\n\t\t\t\t<\/div>","protected":false},"excerpt":{"rendered":"<p>El programa EVVTOL Career Partners est\u00e1 dise\u00f1ado para ayudar a las empresas de los sectores de la automoci\u00f3n, la aviaci\u00f3n, VTOL,...<\/p>","protected":false},"author":165558846,"featured_media":0,"parent":0,"menu_order":0,"comment_status":"closed","ping_status":"closed","template":"","meta":{"_crdt_document":"","advanced_seo_description":"","jetpack_seo_html_title":"","jetpack_seo_noindex":false,"jetpack_post_was_ever_published":false,"footnotes":""},"class_list":["post-40","page","type-page","status-publish","hentry"],"jetpack_likes_enabled":true,"jetpack_sharing_enabled":true,"jetpack_shortlink":"https:\/\/wp.me\/Pep49i-E","jetpack-related-posts":[],"_links":{"self":[{"href":"https:\/\/evvtoltechnation.com\/es\/wp-json\/wp\/v2\/pages\/40","targetHints":{"allow":["GET"]}}],"collection":[{"href":"https:\/\/evvtoltechnation.com\/es\/wp-json\/wp\/v2\/pages"}],"about":[{"href":"https:\/\/evvtoltechnation.com\/es\/wp-json\/wp\/v2\/types\/page"}],"author":[{"embeddable":true,"href":"https:\/\/evvtoltechnation.com\/es\/wp-json\/wp\/v2\/users\/165558846"}],"replies":[{"embeddable":true,"href":"https:\/\/evvtoltechnation.com\/es\/wp-json\/wp\/v2\/comments?post=40"}],"version-history":[{"count":22,"href":"https:\/\/evvtoltechnation.com\/es\/wp-json\/wp\/v2\/pages\/40\/revisions"}],"predecessor-version":[{"id":565,"href":"https:\/\/evvtoltechnation.com\/es\/wp-json\/wp\/v2\/pages\/40\/revisions\/565"}],"wp:attachment":[{"href":"https:\/\/evvtoltechnation.com\/es\/wp-json\/wp\/v2\/media?parent=40"}],"curies":[{"name":"wp","href":"https:\/\/api.w.org\/{rel}","templated":true}]}}