{"id":454,"date":"2023-05-26T15:25:51","date_gmt":"2023-05-26T22:25:51","guid":{"rendered":"https:\/\/evvtoltechnation.com\/?page_id=454"},"modified":"2025-02-23T17:39:26","modified_gmt":"2025-02-24T01:39:26","slug":"fundacion-tech-force","status":"publish","type":"page","link":"https:\/\/evvtoltechnation.com\/es\/fundacion-tech-force\/","title":{"rendered":"Fundaci\u00f3n Tech Work Force"},"content":{"rendered":"<div data-elementor-type=\"wp-page\" data-elementor-id=\"454\" class=\"elementor elementor-454\" data-elementor-post-type=\"page\">\n\t\t\t\t<div class=\"elementor-element elementor-element-6320086f e-flex e-con-boxed e-con e-parent\" data-id=\"6320086f\" data-element_type=\"container\" data-e-type=\"container\">\n\t\t\t\t\t<div class=\"e-con-inner\">\n\t\t\t\t<div class=\"elementor-element elementor-element-71494f72 elementor-widget elementor-widget-text-editor\" data-id=\"71494f72\" data-element_type=\"widget\" data-e-type=\"widget\" data-widget_type=\"text-editor.default\">\n\t\t\t\t<div class=\"elementor-widget-container\">\n\t\t\t\t\t\t\t\t\t<p><\/p>\n<div class=\"wp-block-group alignfull has-white-color has-text-color has-background is-layout-constrained wp-container-core-group-is-layout-4e281edb wp-block-group-is-layout-constrained\" style=\"background-color: #32434d; padding: 100px;\"><p><\/p>\n<div class=\"wp-block-columns alignwide is-layout-flex wp-container-core-columns-is-layout-7387b849 wp-block-columns-is-layout-flex\"><p><\/p>\n<div class=\"wp-block-column is-layout-flow wp-block-column-is-layout-flow\" style=\"flex-basis: 20%;\"><p><\/p>\n<h5 class=\"wp-block-heading has-text-align-left\" style=\"margin-top: 0px; font-size: 17px; line-height: 1.3;\"><span style=\"color: #ffffff;\">Tech Work Force Foundation invierte en AEI \u00a1Atraer, Educar, Inspirar el futuro del empleo en ingenier\u00eda y tecnolog\u00eda!<\/span><\/h5>\n<p><\/p><\/div>\n<p><\/p>\n<div class=\"wp-block-column is-layout-flow wp-block-column-is-layout-flow\" style=\"flex-basis: 60.66%;\"><p><\/p>\n<div class=\"wp-block-jetpack-slideshow aligncenter\" data-autoplay=\"true\" data-delay=\"5\" data-effect=\"fade\">\n<div class=\"wp-block-jetpack-slideshow_container swiper-container\">\n<ul class=\"wp-block-jetpack-slideshow_swiper-wrapper swiper-wrapper\">\n<li class=\"wp-block-jetpack-slideshow_slide swiper-slide\">\n<figure><img decoding=\"async\" data-recalc-dims=\"1\" class=\"wp-block-jetpack-slideshow_image wp-image-443\" src=\"https:\/\/i0.wp.com\/evvtoltechnation.com\/wp-content\/uploads\/2023\/05\/flying-car.jpg?w=640&#038;quality=89&#038;ssl=1\" alt=\"\" data-id=\"443\"><\/figure>\n<\/li>\n<li class=\"wp-block-jetpack-slideshow_slide swiper-slide\">\n<figure><img fetchpriority=\"high\" decoding=\"async\" width=\"750\" height=\"375\" data-recalc-dims=\"1\" class=\"wp-block-jetpack-slideshow_image wp-image-460\" src=\"https:\/\/i0.wp.com\/evvtoltechnation.com\/wp-content\/uploads\/2023\/05\/Joby-Aviation-Flying-Taxis-1.webp?w=640&#038;quality=80&#038;ssl=1\" alt=\"\" data-id=\"460\" srcset=\"https:\/\/i0.wp.com\/evvtoltechnation.com\/wp-content\/uploads\/2023\/05\/Joby-Aviation-Flying-Taxis-1.webp?w=750&amp;quality=80&amp;ssl=1 750w, https:\/\/i0.wp.com\/evvtoltechnation.com\/wp-content\/uploads\/2023\/05\/Joby-Aviation-Flying-Taxis-1.webp?resize=300%2C150&amp;quality=80&amp;ssl=1 300w\" sizes=\"(max-width: 640px) 100vw, 640px\" \/><\/figure>\n<\/li>\n<li class=\"wp-block-jetpack-slideshow_slide swiper-slide\">\n<figure><img decoding=\"async\" data-recalc-dims=\"1\" height=\"427\" width=\"640\" class=\"wp-block-jetpack-slideshow_image wp-image-462\" src=\"https:\/\/i0.wp.com\/evvtoltechnation.com\/wp-content\/uploads\/2023\/05\/E1-Series-Futuristic-Hydrofoil-Electric-Speedboat-Racing-Series-1.webp?resize=640%2C427&#038;quality=80&#038;ssl=1\" alt=\"\" data-id=\"462\" srcset=\"https:\/\/i0.wp.com\/evvtoltechnation.com\/wp-content\/uploads\/2023\/05\/E1-Series-Futuristic-Hydrofoil-Electric-Speedboat-Racing-Series-1.webp?w=1200&amp;quality=80&amp;ssl=1 1200w, https:\/\/i0.wp.com\/evvtoltechnation.com\/wp-content\/uploads\/2023\/05\/E1-Series-Futuristic-Hydrofoil-Electric-Speedboat-Racing-Series-1.webp?resize=300%2C200&amp;quality=80&amp;ssl=1 300w, https:\/\/i0.wp.com\/evvtoltechnation.com\/wp-content\/uploads\/2023\/05\/E1-Series-Futuristic-Hydrofoil-Electric-Speedboat-Racing-Series-1.webp?resize=1024%2C683&amp;quality=80&amp;ssl=1 1024w, https:\/\/i0.wp.com\/evvtoltechnation.com\/wp-content\/uploads\/2023\/05\/E1-Series-Futuristic-Hydrofoil-Electric-Speedboat-Racing-Series-1.webp?resize=768%2C512&amp;quality=80&amp;ssl=1 768w\" sizes=\"(max-width: 640px) 100vw, 640px\" \/><\/figure>\n<\/li>\n<li class=\"wp-block-jetpack-slideshow_slide swiper-slide\">\n<figure><img decoding=\"async\" data-recalc-dims=\"1\" height=\"480\" width=\"640\" class=\"wp-block-jetpack-slideshow_image wp-image-465\" src=\"https:\/\/i0.wp.com\/evvtoltechnation.com\/wp-content\/uploads\/2023\/05\/E-Semi-Truck-E-Truck-Tech-Nation-2.jpg?resize=640%2C480&#038;quality=89&#038;ssl=1\" alt=\"\" data-id=\"465\"><\/figure>\n<\/li>\n<li class=\"wp-block-jetpack-slideshow_slide swiper-slide\">\n<figure><img loading=\"lazy\" decoding=\"async\" data-recalc-dims=\"1\" height=\"360\" width=\"640\" class=\"wp-block-jetpack-slideshow_image wp-image-467\" src=\"https:\/\/i0.wp.com\/evvtoltechnation.com\/wp-content\/uploads\/2023\/05\/Volkswagen-IDR-World-Record-Pikes-Peak-Race-Car-1.jpg?resize=640%2C360&#038;quality=89&#038;ssl=1\" alt=\"\" data-id=\"467\"><\/figure>\n<\/li>\n<li class=\"wp-block-jetpack-slideshow_slide swiper-slide\">\n<figure><img loading=\"lazy\" decoding=\"async\" data-recalc-dims=\"1\" height=\"360\" width=\"640\" class=\"wp-block-jetpack-slideshow_image wp-image-469\" src=\"https:\/\/i0.wp.com\/evvtoltechnation.com\/wp-content\/uploads\/2023\/05\/20170414_100916.jpg?resize=640%2C360&#038;quality=89&#038;ssl=1\" alt=\"\" data-id=\"469\"><\/figure>\n<\/li>\n<\/ul>\n<div class=\"wp-block-jetpack-slideshow_pagination swiper-pagination swiper-pagination-white\">&nbsp;<\/div>\n<\/div>\n<\/div>\n<p><\/p><\/div>\n<p><\/p><\/div>\n<p><\/p>\n<div class=\"wp-block-columns alignwide is-layout-flex wp-container-core-columns-is-layout-7387b849 wp-block-columns-is-layout-flex\"><p><br><br><\/p>\n<div class=\"wp-block-column is-layout-flow wp-block-column-is-layout-flow\" style=\"flex-basis: 66.66%;\"><p><\/p>\n<p class=\"has-black-color has-white-background-color has-text-color has-background wp-block-paragraph\">Invertir en el futuro de nuestros j\u00f3venes y veteranos a trav\u00e9s del empleo y el desarrollo profesional es crucial, especialmente en la industria tecnol\u00f3gica, que evoluciona r\u00e1pidamente. Al financiar a estudiantes y veteranos en programas tecnol\u00f3gicos relacionados con las industrias aeroespacial, automovil\u00edstica, aeron\u00e1utica, naval, de movilidad y de motocicletas, la Tech Workforce Foundation puede desempe\u00f1ar un papel importante en la preparaci\u00f3n de las personas para el mercado laboral.<\/p>\n<p><\/p>\n<p class=\"has-black-color has-white-background-color has-text-color has-background wp-block-paragraph\">Apoyando a los estudiantes y veteranos en estos campos, podemos proporcionarles las habilidades y conocimientos necesarios para sobresalir en sus carreras. Tambi\u00e9n podemos contribuir a la creciente demanda de profesionales cualificados en sectores como el aeroespacial, la automoci\u00f3n, la aviaci\u00f3n, la marina, la movilidad y la motocicleta.<\/p>\n<p><\/p>\n<p class=\"has-black-color has-white-background-color has-text-color has-background wp-block-paragraph\"><strong>He aqu\u00ed algunas formas en que la inversi\u00f3n de la Fundaci\u00f3n Tech Work Force puede tener un impacto positivo:<\/strong><\/p>\n<p><\/p>\n<p class=\"has-black-color has-white-background-color has-text-color has-background wp-block-paragraph\"><strong>Acceso a la educaci\u00f3n:<\/strong> La financiaci\u00f3n puede ayudar a estudiantes y veteranos a acceder a programas tecnol\u00f3gicos de calidad proporcionando ayuda financiera para la matr\u00edcula, los materiales y otros gastos educativos. De este modo se garantiza que las personas con talento, independientemente de su situaci\u00f3n econ\u00f3mica, tengan la oportunidad de formarse en estos sectores.<\/p>\n<p><strong>Desarrollo de habilidades: <\/strong>El apoyo de la Fundaci\u00f3n puede permitir a los estudiantes y veteranos recibir una formaci\u00f3n completa en los programas tecnol\u00f3gicos que elijan. Esto incluye tanto conocimientos te\u00f3ricos como experiencia pr\u00e1ctica, dot\u00e1ndoles de las habilidades necesarias para tener \u00e9xito en sus futuras carreras.<\/p>\n<p><strong><br>Conexiones industriales: <\/strong>La Fundaci\u00f3n puede facilitar a los estudiantes y veteranos oportunidades de establecer contactos con profesionales y empresas de los sectores aeroespacial, automovil\u00edstico, aeron\u00e1utico, naval, de la movilidad y de las motocicletas. Esta exposici\u00f3n permite a los estudiantes y veteranos adquirir conocimientos, entablar relaciones y explorar posibles oportunidades de empleo.<\/p>\n<p><strong><br>Programas de transici\u00f3n al empleo: <\/strong>La Fundaci\u00f3n puede apoyar iniciativas que ofrezcan experiencia laboral y pr\u00e1cticas a estudiantes y veteranos. Estos programas tienden un puente entre la educaci\u00f3n y el empleo, dando a los estudiantes y veteranos la oportunidad de aplicar sus habilidades en escenarios del mundo real y mejorar su empleabilidad.<\/p>\n<p><strong><br>Oportunidades de pr\u00e1cticas y aprendizaje: <\/strong>En asociaci\u00f3n con empresas de los sectores aeroespacial, automovil\u00edstico, aeron\u00e1utico, naval, de movilidad y de motocicletas, la Fundaci\u00f3n puede ayudar a crear oportunidades de pr\u00e1cticas y aprendizaje para estudiantes y veteranos. Esto les permite adquirir una valiosa experiencia laboral y establecer contactos en el campo de su elecci\u00f3n.<\/p>\n<p><strong><br><\/strong><\/p><p><strong>Orientaci\u00f3n profesional y tutor\u00eda:<\/strong> La fundaci\u00f3n puede ofrecer programas de orientaci\u00f3n profesional y tutor\u00eda, poniendo en contacto a los estudiantes con expertos del sector que pueden proporcionarles orientaci\u00f3n, asesoramiento y apoyo en su trayectoria profesional.<\/p>\n<p><strong><br>Asociaciones industriales:<\/strong> La colaboraci\u00f3n con empresas, asociaciones industriales e instituciones educativas es crucial para el \u00e9xito de estas iniciativas. Al fomentar las asociaciones, la fundaci\u00f3n puede garantizar que los programas se ajusten a las necesidades y tendencias de la industria, creando una transici\u00f3n fluida de la educaci\u00f3n al empleo.<\/p>\n<p><\/p>\n<p class=\"has-black-color has-white-background-color has-text-color has-background wp-block-paragraph\">Al invertir en la educaci\u00f3n de los estudiantes, el desarrollo de las capacidades de los veteranos y los programas de transici\u00f3n al empleo, la Tech Workforce Foundation puede contribuir significativamente a formar una mano de obra cualificada y capaz para las industrias aeroespacial, automovil\u00edstica, aeron\u00e1utica, naval, de movilidad y de motocicletas. Esto, a su vez, beneficiar\u00e1 a los individuos, a las industrias y a la econom\u00eda en general.<\/p>\n<p><\/p><\/div>\n<p><\/p>\n<div class=\"wp-block-column is-vertically-aligned-top is-layout-flow wp-block-column-is-layout-flow\" style=\"flex-basis: 33.33%;\"><p><\/p>\n<p class=\"has-small-font-size wp-block-paragraph\">\n<\/p><p><\/p>\n<h4>P\u00f3ngase en contacto con EVVTOL Tech Nation si est\u00e1 interesado en apoyar e invertir en el futuro de estudiantes y <em>veterano<\/em>&nbsp;empleo en carreras de alta tecnolog\u00eda patrocinando nuestra principal feria de empleo tecnol\u00f3gico para j\u00f3venes ingenieros y futuros estudiantes y veteranos de carreras tecnol\u00f3gicas.<\/h4>\n<p class=\"wp-block-paragraph\"><\/p><\/div>\n<p><\/p><\/div>\n<p><\/p><\/div>\n<p><\/p>\t\t\t\t\t\t\t\t<\/div>\n\t\t\t\t<\/div>\n\t\t\t\t\t<\/div>\n\t\t\t\t<\/div>\n\t\t\t\t<\/div>","protected":false},"excerpt":{"rendered":"<p>Tech Work Force Foundation invierte en AEI Atraer, Educar, Inspirar el futuro de la ingenier\u00eda...<\/p>","protected":false},"author":165558846,"featured_media":0,"parent":0,"menu_order":0,"comment_status":"closed","ping_status":"closed","template":"","meta":{"_crdt_document":"","advanced_seo_description":"Investing in the future of young people through employment and career development is crucial, especially in the rapidly evolving tech industry. By funding students in tech programs related to the aerospace, automotive, aviation, marine, mobility, and motorcycle industries, the Tech Workforce Foundation can play a significant role in preparing individuals for the workforce.","jetpack_seo_html_title":"Tech Force Foundation","jetpack_seo_noindex":false,"jetpack_post_was_ever_published":false,"footnotes":""},"class_list":["post-454","page","type-page","status-publish","hentry"],"jetpack_likes_enabled":true,"jetpack_sharing_enabled":true,"jetpack_shortlink":"https:\/\/wp.me\/Pep49i-7k","jetpack-related-posts":[],"_links":{"self":[{"href":"https:\/\/evvtoltechnation.com\/es\/wp-json\/wp\/v2\/pages\/454","targetHints":{"allow":["GET"]}}],"collection":[{"href":"https:\/\/evvtoltechnation.com\/es\/wp-json\/wp\/v2\/pages"}],"about":[{"href":"https:\/\/evvtoltechnation.com\/es\/wp-json\/wp\/v2\/types\/page"}],"author":[{"embeddable":true,"href":"https:\/\/evvtoltechnation.com\/es\/wp-json\/wp\/v2\/users\/165558846"}],"replies":[{"embeddable":true,"href":"https:\/\/evvtoltechnation.com\/es\/wp-json\/wp\/v2\/comments?post=454"}],"version-history":[{"count":30,"href":"https:\/\/evvtoltechnation.com\/es\/wp-json\/wp\/v2\/pages\/454\/revisions"}],"predecessor-version":[{"id":1750,"href":"https:\/\/evvtoltechnation.com\/es\/wp-json\/wp\/v2\/pages\/454\/revisions\/1750"}],"wp:attachment":[{"href":"https:\/\/evvtoltechnation.com\/es\/wp-json\/wp\/v2\/media?parent=454"}],"curies":[{"name":"wp","href":"https:\/\/api.w.org\/{rel}","templated":true}]}}