{"id":669,"date":"2023-07-02T16:12:33","date_gmt":"2023-07-02T23:12:33","guid":{"rendered":"https:\/\/evvtoltechnation.com\/?page_id=669"},"modified":"2023-07-02T16:13:37","modified_gmt":"2023-07-02T23:13:37","slug":"feria-de-empleo","status":"publish","type":"page","link":"https:\/\/evvtoltechnation.com\/es\/feria-de-empleo\/","title":{"rendered":"Feria del empleo"},"content":{"rendered":"<div data-elementor-type=\"wp-page\" data-elementor-id=\"669\" class=\"elementor elementor-669\" data-elementor-post-type=\"page\">\n\t\t\t\t\t\t<section class=\"elementor-section elementor-top-section elementor-element elementor-element-6c9069c elementor-section-boxed elementor-section-height-default elementor-section-height-default\" data-id=\"6c9069c\" data-element_type=\"section\" data-e-type=\"section\">\n\t\t\t\t\t\t<div class=\"elementor-container elementor-column-gap-default\">\n\t\t\t\t\t<div class=\"elementor-column elementor-col-100 elementor-top-column elementor-element elementor-element-79723f1\" data-id=\"79723f1\" data-element_type=\"column\" data-e-type=\"column\">\n\t\t\t<div class=\"elementor-widget-wrap elementor-element-populated\">\n\t\t\t\t\t\t<div class=\"elementor-element elementor-element-19be71b elementor-widget elementor-widget-text-editor\" data-id=\"19be71b\" data-element_type=\"widget\" data-e-type=\"widget\" data-widget_type=\"text-editor.default\">\n\t\t\t\t<div class=\"elementor-widget-container\">\n\t\t\t\t\t\t\t\t\t<p><span style=\"color: #000000;\">Uno de los objetivos clave de EVVTOL Tech Nation es centrarse en ayudar a las personas con trayectorias profesionales espec\u00edficas en ingenier\u00eda y tecnolog\u00eda, especialmente en sectores como automoci\u00f3n, aviaci\u00f3n, VTOL, aeroespacial, n\u00e1utica, motocicletas y movilidad. Mediante la mejora del proceso de contrataci\u00f3n a trav\u00e9s de lugares de trabajo y empleo colaborativos, incluidos eventos especiales de contrataci\u00f3n y ferias de empleo virtuales, EVVTOL Tech Nation espera crear el mejor entorno posible de empleo en ingenier\u00eda, tecnolog\u00eda y tecnolog\u00eda para los solicitantes de empleo y las carreras t\u00e9cnicas.<\/span><\/p>\t\t\t\t\t\t\t\t<\/div>\n\t\t\t\t<\/div>\n\t\t\t\t\t<\/div>\n\t\t<\/div>\n\t\t\t\t\t<\/div>\n\t\t<\/section>\n\t\t\t\t<\/div>","protected":false},"excerpt":{"rendered":"<p>Uno de los objetivos clave de EVVTOL Tech Nation es centrarse en ayudar...<\/p>","protected":false},"author":165558846,"featured_media":0,"parent":0,"menu_order":0,"comment_status":"closed","ping_status":"closed","template":"","meta":{"_crdt_document":"","advanced_seo_description":"","jetpack_seo_html_title":"","jetpack_seo_noindex":false,"footnotes":""},"class_list":["post-669","page","type-page","status-publish","hentry"],"jetpack_likes_enabled":true,"jetpack_sharing_enabled":true,"jetpack_shortlink":"https:\/\/wp.me\/Pep49i-aN","jetpack-related-posts":[],"_links":{"self":[{"href":"https:\/\/evvtoltechnation.com\/es\/wp-json\/wp\/v2\/pages\/669","targetHints":{"allow":["GET"]}}],"collection":[{"href":"https:\/\/evvtoltechnation.com\/es\/wp-json\/wp\/v2\/pages"}],"about":[{"href":"https:\/\/evvtoltechnation.com\/es\/wp-json\/wp\/v2\/types\/page"}],"author":[{"embeddable":true,"href":"https:\/\/evvtoltechnation.com\/es\/wp-json\/wp\/v2\/users\/165558846"}],"replies":[{"embeddable":true,"href":"https:\/\/evvtoltechnation.com\/es\/wp-json\/wp\/v2\/comments?post=669"}],"version-history":[{"count":5,"href":"https:\/\/evvtoltechnation.com\/es\/wp-json\/wp\/v2\/pages\/669\/revisions"}],"predecessor-version":[{"id":674,"href":"https:\/\/evvtoltechnation.com\/es\/wp-json\/wp\/v2\/pages\/669\/revisions\/674"}],"wp:attachment":[{"href":"https:\/\/evvtoltechnation.com\/es\/wp-json\/wp\/v2\/media?parent=669"}],"curies":[{"name":"wp","href":"https:\/\/api.w.org\/{rel}","templated":true}]}}