{"id":102,"date":"2023-04-12T19:48:02","date_gmt":"2023-04-13T02:48:02","guid":{"rendered":"https:\/\/evvtoltechnation.com\/?page_id=102"},"modified":"2025-02-23T17:45:58","modified_gmt":"2025-02-24T01:45:58","slug":"a-propos-de","status":"publish","type":"page","link":"https:\/\/evvtoltechnation.com\/fr\/a-propos-de\/","title":{"rendered":"A propos de"},"content":{"rendered":"<div data-elementor-type=\"wp-page\" data-elementor-id=\"102\" class=\"elementor elementor-102\" data-elementor-post-type=\"page\">\n\t\t\t\t\t\t<section class=\"elementor-section elementor-top-section elementor-element elementor-element-f43d875 elementor-section-boxed elementor-section-height-default elementor-section-height-default\" data-id=\"f43d875\" data-element_type=\"section\" data-e-type=\"section\">\n\t\t\t\t\t\t<div class=\"elementor-container elementor-column-gap-default\">\n\t\t\t\t\t<div class=\"elementor-column elementor-col-100 elementor-top-column elementor-element elementor-element-24e8afa\" data-id=\"24e8afa\" data-element_type=\"column\" data-e-type=\"column\">\n\t\t\t<div class=\"elementor-widget-wrap elementor-element-populated\">\n\t\t\t\t\t\t<div class=\"elementor-element elementor-element-acc9e75 elementor-widget__width-initial elementor-widget elementor-widget-text-editor\" data-id=\"acc9e75\" data-element_type=\"widget\" data-e-type=\"widget\" data-widget_type=\"text-editor.default\">\n\t\t\t\t<div class=\"elementor-widget-container\">\n\t\t\t\t\t\t\t\t\t<h3><strong><img decoding=\"async\" data-attachment-id=\"15\" data-permalink=\"https:\/\/evvtoltechnation.com\/fr\/2023\/07\/13\/hyundai-canada-reconnu-par-great-place-to-work-comme-meilleur-employeur-pour-les-jeunes\/evvtol-tech-nation-vs\/\" data-orig-file=\"https:\/\/i0.wp.com\/evvtoltechnation.com\/wp-content\/uploads\/2022\/12\/EVVTOL-Tech-Nation-vs.webp?fit=100%2C51&amp;quality=80&amp;ssl=1\" data-orig-size=\"100,51\" data-comments-opened=\"1\" data-image-meta=\"{&quot;aperture&quot;:&quot;0&quot;,&quot;credit&quot;:&quot;&quot;,&quot;camera&quot;:&quot;&quot;,&quot;caption&quot;:&quot;&quot;,&quot;created_timestamp&quot;:&quot;0&quot;,&quot;copyright&quot;:&quot;&quot;,&quot;focal_length&quot;:&quot;0&quot;,&quot;iso&quot;:&quot;0&quot;,&quot;shutter_speed&quot;:&quot;0&quot;,&quot;title&quot;:&quot;&quot;,&quot;orientation&quot;:&quot;0&quot;}\" data-image-title=\"EVVTOL Tech Nation\" data-image-description=\"\" data-image-caption=\"\" data-large-file=\"https:\/\/i0.wp.com\/evvtoltechnation.com\/wp-content\/uploads\/2022\/12\/EVVTOL-Tech-Nation-vs.webp?fit=100%2C51&amp;quality=80&amp;ssl=1\" data-recalc-dims=\"1\" class=\"alignnone size-full wp-image-15\" src=\"https:\/\/i0.wp.com\/evvtoltechnation.com\/wp-content\/uploads\/2022\/12\/EVVTOL-Tech-Nation-vs.png?resize=100%2C51&#038;quality=80&#038;ssl=1\" alt=\"EVVTOL Tech Nation\" width=\"100\" height=\"51\" \/><\/strong><\/h3><h3><span style=\"color: #000000;\"><strong>EVVTOL Tech Nation<\/strong><\/span><\/h3><p><span style=\"color: #000000;\"><strong>EVVTOL Tech Nation r\u00e9imagine une voie vers 21<sup>st<\/sup> Innovations en mati\u00e8re d'ing\u00e9nierie et de technologie au cours du si\u00e8cle.<\/strong><\/span><\/p><p><span style=\"color: #000000;\"><strong>Le r\u00f4le essentiel que nous jouons au sein d'EVVTOL Tech Nation est le suivant :<\/strong><br \/><\/span><\/p><ul><li><span style=\"color: #000000;\">Mettre l'accent sur les domaines de l'ing\u00e9nierie et de l'emploi technologique pour assurer la croissance et la durabilit\u00e9 futures.<\/span><\/li><li><span style=\"color: #000000;\">Faciliter et rapprocher les visionnaires, les ing\u00e9nieurs et le personnel de soutien technique par le biais du leadership.<\/span><\/li><li><span style=\"color: #000000;\">Rem\u00e9dier \u00e0 la p\u00e9nurie de personnel !<\/span><\/li><li><span style=\"color: #000000;\">R\u00e9soudre de front les probl\u00e8mes les plus difficiles du monde avec du personnel d'ing\u00e9nierie et de soutien technique qualifi\u00e9 pour des emplois futurs dans les secteurs de l'automobile, de l'aviation, des avions VTOL, de l'a\u00e9rospatiale, de la marine, des motocycles et de la mobilit\u00e9.<\/span><\/li><\/ul><p><span style=\"color: #000000;\">Notre mission est d'attirer, d'\u00e9duquer et d'inspirer (AEI) la prochaine g\u00e9n\u00e9ration d'ing\u00e9nieurs et de professionnels techniques dans les domaines de l'a\u00e9rospatiale - eVTOL, de l'aviation, de l'automobile, de la marine, de la moto, de la mobilit\u00e9 et de l'ing\u00e9nierie des sports motoris\u00e9s, ainsi que des carri\u00e8res techniques.<\/span><\/p><p><span style=\"color: #000000;\">L'introduction du plan (AEI) au sommet des carri\u00e8res EVVTOL en tant que composante de la plus grande exposition EVVTOL Tech Show, est d'une ampleur in\u00e9dite et d'une importance capitale pour EVVTOL Tech Nation.<\/span><\/p><p><span style=\"color: #000000;\">Pour r\u00e9sumer les objectifs de l'AEI, le conseil consultatif EVVTOL Tech Nation doit concentrer ses efforts sur l'exposition d'innovations techniques et technologiques de pointe \u00e0 un public diversifi\u00e9, pour toutes les applications qui font partie int\u00e9grante de la viabilit\u00e9 de l'automobile, de l'a\u00e9rospatiale, de l'aviation, de la marine, des motocycles, de la mobilit\u00e9 et des sports motoris\u00e9s.<\/span><\/p><p><span style=\"color: #000000;\">Le conseil consultatif de la nation technologique EVVTOL \u00e9laborera le plan (AEI) en mettant l'accent sur les coll\u00e9giens, les lyc\u00e9ens et les \u00e9tudiants, ainsi que sur d'autres personnes \u00e0 la recherche d'opportunit\u00e9s de carri\u00e8re plus significatives et plus \u00e9panouissantes dans ces solutions et poursuites industrielles tourn\u00e9es vers l'avenir.<\/span><\/p><p><span style=\"color: #000000;\"><strong>Fondation Tech Workforce :<\/strong><\/span><\/p><p><span style=\"color: #000000;\">Il est essentiel d'investir dans l'avenir des jeunes par le biais de l'emploi et du d\u00e9veloppement de carri\u00e8re, en particulier dans l'industrie technologique qui \u00e9volue rapidement. En finan\u00e7ant des \u00e9tudiants dans des programmes technologiques li\u00e9s aux secteurs de l'a\u00e9rospatiale, de l'automobile, de l'aviation, de la marine, de la mobilit\u00e9 et de la moto, la Tech Workforce Foundation peut jouer un r\u00f4le important dans la pr\u00e9paration des individus \u00e0 la vie active.<\/span><\/p><p><span style=\"color: #000000;\">En soutenant les \u00e9tudiants dans ces domaines, nous pouvons leur fournir les comp\u00e9tences et les connaissances n\u00e9cessaires pour exceller dans leur carri\u00e8re. Nous pouvons \u00e9galement r\u00e9pondre \u00e0 la demande croissante de professionnels qualifi\u00e9s dans des secteurs tels que l'a\u00e9rospatiale, l'automobile, l'aviation, la marine, la mobilit\u00e9 et les motocycles.<\/span><\/p>\t\t\t\t\t\t\t\t<\/div>\n\t\t\t\t<\/div>\n\t\t\t\t\t<\/div>\n\t\t<\/div>\n\t\t\t\t\t<\/div>\n\t\t<\/section>\n\t\t\t\t<section class=\"elementor-section elementor-top-section elementor-element elementor-element-059966c elementor-section-boxed elementor-section-height-default elementor-section-height-default\" data-id=\"059966c\" data-element_type=\"section\" data-e-type=\"section\">\n\t\t\t\t\t\t<div class=\"elementor-container elementor-column-gap-default\">\n\t\t\t\t\t<div class=\"elementor-column elementor-col-100 elementor-top-column elementor-element elementor-element-bf3ebb7\" data-id=\"bf3ebb7\" data-element_type=\"column\" data-e-type=\"column\">\n\t\t\t<div class=\"elementor-widget-wrap elementor-element-populated\">\n\t\t\t\t\t\t<div class=\"elementor-element elementor-element-62a0456 elementor-widget elementor-widget-text-editor\" data-id=\"62a0456\" data-element_type=\"widget\" data-e-type=\"widget\" data-widget_type=\"text-editor.default\">\n\t\t\t\t<div class=\"elementor-widget-container\">\n\t\t\t\t\t\t\t\t\t<h3><img decoding=\"async\" data-attachment-id=\"110\" data-permalink=\"https:\/\/evvtoltechnation.com\/fr\/2024\/03\/18\/bentley-motors-annonce-la-troisieme-edition-de-son-initiative-femmes-extraordinaires-pour-les-etudiantes-dans-les-domaines-de-lingenierie-du-design-de-la-technologie-et-des-affaires-pour-2024\/evvtol-corporate-logo-for-evh-news\/\" data-orig-file=\"https:\/\/i0.wp.com\/evvtoltechnation.com\/wp-content\/uploads\/2023\/01\/EVVTOL-Corporate-Logo-for-EVH-News.webp?fit=150%2C86&amp;quality=80&amp;ssl=1\" data-orig-size=\"150,86\" data-comments-opened=\"1\" data-image-meta=\"{&quot;aperture&quot;:&quot;0&quot;,&quot;credit&quot;:&quot;&quot;,&quot;camera&quot;:&quot;&quot;,&quot;caption&quot;:&quot;&quot;,&quot;created_timestamp&quot;:&quot;0&quot;,&quot;copyright&quot;:&quot;&quot;,&quot;focal_length&quot;:&quot;0&quot;,&quot;iso&quot;:&quot;0&quot;,&quot;shutter_speed&quot;:&quot;0&quot;,&quot;title&quot;:&quot;&quot;,&quot;orientation&quot;:&quot;0&quot;}\" data-image-title=\"EVVTOL Corporate Logo for EVH News\" data-image-description=\"\" data-image-caption=\"\" data-large-file=\"https:\/\/i0.wp.com\/evvtoltechnation.com\/wp-content\/uploads\/2023\/01\/EVVTOL-Corporate-Logo-for-EVH-News.webp?fit=150%2C86&amp;quality=80&amp;ssl=1\" data-recalc-dims=\"1\" class=\"wp-image-110 alignnone\" src=\"https:\/\/i0.wp.com\/evvtoltechnation.com\/wp-content\/uploads\/2023\/01\/EVVTOL-Corporate-Logo-for-EVH-News.png?resize=98%2C56&#038;quality=80&#038;ssl=1\" alt=\"\" width=\"98\" height=\"56\" \/><br \/><span style=\"color: #000000;\"><strong>\u00c0 propos d'EVVTOL<\/strong><\/span><\/h3><ul><li><span style=\"color: #000000;\">EVVTOL est une nouvelle soci\u00e9t\u00e9 qui se pr\u00e9sente comme l'organisation la plus influente de salons et d'expositions sur les technologies du futur en se positionnant strat\u00e9giquement pour r\u00e9pondre aux besoins des clients de l'industrie des v\u00e9hicules \u00e9lectriques, de l'aviation, de l'a\u00e9rospatiale et du transport maritime.<\/span><\/li><li><span style=\"color: #000000;\">L'objectif d'EVVTOL est de pr\u00e9senter l'industrie des v\u00e9hicules \u00e9lectriques, de l'aviation et de la marine, ainsi que les principaux v\u00e9hicules et composants a\u00e9rospatiaux EV et VTOL dans le monde de l'e-tech, en d\u00e9voilant et en exposant des technologies de pointe en mati\u00e8re de batteries pour les v\u00e9hicules \u00e9lectriques et les avions \u00e0 voilure tournante.<\/span><\/li><li><span style=\"color: #000000;\">La mission d'EVVTOL est de pr\u00e9senter de multiples salons et expositions technologiques, y compris des sommets commerciaux de haut niveau sur les v\u00e9hicules \u00e9lectriques, bas\u00e9s sur le double th\u00e8me de l'engagement commercial avec les principaux fabricants travaillant dans l'industrie des v\u00e9hicules \u00e9lectriques et de la mobilit\u00e9 \u00e9lectrique, de la technologie de l'information sur les v\u00e9hicules \u00e9nerg\u00e9tiques, de l'industrie des batteries et de l'infrastructure de recharge. Ces \u00e9v\u00e9nements sont d'excellentes occasions de s'informer et de discuter des derni\u00e8res avanc\u00e9es technologiques en mati\u00e8re de transport dans l'industrie des v\u00e9hicules \u00e9lectriques, ainsi que des d\u00e9fis qui restent \u00e0 relever en mati\u00e8re d'\u00e9nergie des batteries.<\/span><\/li><\/ul><p><span style=\"color: #000000;\">\u00a0EVVTOL<br \/>19200 Von Karman Avenue, Irvine, CA, 92612<br \/>(evvtol.org)<\/span><br \/><span style=\"color: #000000;\">\u00a0877-4EV-VTOL (877-438-8865)<\/span><\/p>\t\t\t\t\t\t\t\t<\/div>\n\t\t\t\t<\/div>\n\t\t\t\t\t<\/div>\n\t\t<\/div>\n\t\t\t\t\t<\/div>\n\t\t<\/section>\n\t\t\t\t<\/div>","protected":false},"excerpt":{"rendered":"<p>EVVTOL Tech Nation EVVTOL Tech Nation r\u00e9imagine une voie d'acc\u00e8s \u00e0 l'ing\u00e9nierie et \u00e0 la...<\/p>","protected":false},"author":165558846,"featured_media":0,"parent":0,"menu_order":0,"comment_status":"closed","ping_status":"closed","template":"","meta":{"_crdt_document":"","advanced_seo_description":"","jetpack_seo_html_title":"","jetpack_seo_noindex":false,"footnotes":""},"class_list":["post-102","page","type-page","status-publish","hentry"],"jetpack_likes_enabled":true,"jetpack_sharing_enabled":true,"jetpack_shortlink":"https:\/\/wp.me\/Pep49i-1E","jetpack-related-posts":[],"_links":{"self":[{"href":"https:\/\/evvtoltechnation.com\/fr\/wp-json\/wp\/v2\/pages\/102","targetHints":{"allow":["GET"]}}],"collection":[{"href":"https:\/\/evvtoltechnation.com\/fr\/wp-json\/wp\/v2\/pages"}],"about":[{"href":"https:\/\/evvtoltechnation.com\/fr\/wp-json\/wp\/v2\/types\/page"}],"author":[{"embeddable":true,"href":"https:\/\/evvtoltechnation.com\/fr\/wp-json\/wp\/v2\/users\/165558846"}],"replies":[{"embeddable":true,"href":"https:\/\/evvtoltechnation.com\/fr\/wp-json\/wp\/v2\/comments?post=102"}],"version-history":[{"count":42,"href":"https:\/\/evvtoltechnation.com\/fr\/wp-json\/wp\/v2\/pages\/102\/revisions"}],"predecessor-version":[{"id":1752,"href":"https:\/\/evvtoltechnation.com\/fr\/wp-json\/wp\/v2\/pages\/102\/revisions\/1752"}],"wp:attachment":[{"href":"https:\/\/evvtoltechnation.com\/fr\/wp-json\/wp\/v2\/media?parent=102"}],"curies":[{"name":"wp","href":"https:\/\/api.w.org\/{rel}","templated":true}]}}