{"id":307,"date":"2023-05-07T12:04:13","date_gmt":"2023-05-07T19:04:13","guid":{"rendered":"https:\/\/evvtoltechnation.com\/?page_id=307"},"modified":"2023-05-14T11:46:34","modified_gmt":"2023-05-14T18:46:34","slug":"partenaires-de-lapprentissage","status":"publish","type":"page","link":"https:\/\/evvtoltechnation.com\/fr\/partenaires-de-lapprentissage\/","title":{"rendered":"Partenaires pour l'apprentissage"},"content":{"rendered":"<div data-elementor-type=\"wp-page\" data-elementor-id=\"307\" class=\"elementor elementor-307\" data-elementor-post-type=\"page\">\n\t\t\t\t\t\t<section class=\"elementor-section elementor-top-section elementor-element elementor-element-4c21ad4 elementor-section-boxed elementor-section-height-default elementor-section-height-default\" data-id=\"4c21ad4\" data-element_type=\"section\" data-e-type=\"section\">\n\t\t\t\t\t\t<div class=\"elementor-container elementor-column-gap-default\">\n\t\t\t\t\t<div class=\"elementor-column elementor-col-100 elementor-top-column elementor-element elementor-element-7e24806\" data-id=\"7e24806\" data-element_type=\"column\" data-e-type=\"column\">\n\t\t\t<div class=\"elementor-widget-wrap elementor-element-populated\">\n\t\t\t\t\t\t<div class=\"elementor-element elementor-element-9cc33cf elementor-widget elementor-widget-text-editor\" data-id=\"9cc33cf\" data-element_type=\"widget\" data-e-type=\"widget\" data-widget_type=\"text-editor.default\">\n\t\t\t\t<div class=\"elementor-widget-container\">\n\t\t\t\t\t\t\t\t\t<p><span style=\"color: #000000;\">Our EVVTOL Tech Nation Apprenticeship Partners are dedicated to giving students with real-world career opportunities through project-driven mentoring by faculty and industry professionals enabling them to \u201clearn by doing\u201d and create actionable strategies and recommendations for participating business partners \u2018This type of apprenticeship program can be incredibly valuable for students to gain real-world practical experience, career sponsors benefit from high-level recruitment solutions, career training, and workplace exposures.<\/span><\/p>\t\t\t\t\t\t\t\t<\/div>\n\t\t\t\t<\/div>\n\t\t\t\t\t<\/div>\n\t\t<\/div>\n\t\t\t\t\t<\/div>\n\t\t<\/section>\n\t\t\t\t<\/div>","protected":false},"excerpt":{"rendered":"<p>Nos partenaires d'apprentissage EVVTOL Tech Nation sont d\u00e9termin\u00e9s \u00e0 offrir aux \u00e9tudiants des opportunit\u00e9s de carri\u00e8re dans le monde r\u00e9el...<\/p>","protected":false},"author":165558846,"featured_media":0,"parent":0,"menu_order":0,"comment_status":"closed","ping_status":"closed","template":"","meta":{"_crdt_document":"","advanced_seo_description":"","jetpack_seo_html_title":"","jetpack_seo_noindex":false,"footnotes":""},"class_list":["post-307","page","type-page","status-publish","hentry"],"jetpack_likes_enabled":true,"jetpack_sharing_enabled":true,"jetpack_shortlink":"https:\/\/wp.me\/Pep49i-4X","jetpack-related-posts":[],"_links":{"self":[{"href":"https:\/\/evvtoltechnation.com\/fr\/wp-json\/wp\/v2\/pages\/307","targetHints":{"allow":["GET"]}}],"collection":[{"href":"https:\/\/evvtoltechnation.com\/fr\/wp-json\/wp\/v2\/pages"}],"about":[{"href":"https:\/\/evvtoltechnation.com\/fr\/wp-json\/wp\/v2\/types\/page"}],"author":[{"embeddable":true,"href":"https:\/\/evvtoltechnation.com\/fr\/wp-json\/wp\/v2\/users\/165558846"}],"replies":[{"embeddable":true,"href":"https:\/\/evvtoltechnation.com\/fr\/wp-json\/wp\/v2\/comments?post=307"}],"version-history":[{"count":15,"href":"https:\/\/evvtoltechnation.com\/fr\/wp-json\/wp\/v2\/pages\/307\/revisions"}],"predecessor-version":[{"id":388,"href":"https:\/\/evvtoltechnation.com\/fr\/wp-json\/wp\/v2\/pages\/307\/revisions\/388"}],"wp:attachment":[{"href":"https:\/\/evvtoltechnation.com\/fr\/wp-json\/wp\/v2\/media?parent=307"}],"curies":[{"name":"wp","href":"https:\/\/api.w.org\/{rel}","templated":true}]}}