{"id":102,"date":"2023-04-12T19:48:02","date_gmt":"2023-04-13T02:48:02","guid":{"rendered":"https:\/\/evvtoltechnation.com\/?page_id=102"},"modified":"2025-02-23T17:45:58","modified_gmt":"2025-02-24T01:45:58","slug":"o","status":"publish","type":"page","link":"https:\/\/evvtoltechnation.com\/pl\/o\/","title":{"rendered":"O"},"content":{"rendered":"<div data-elementor-type=\"wp-page\" data-elementor-id=\"102\" class=\"elementor elementor-102\" data-elementor-post-type=\"page\">\n\t\t\t\t\t\t<section class=\"elementor-section elementor-top-section elementor-element elementor-element-f43d875 elementor-section-boxed elementor-section-height-default elementor-section-height-default\" data-id=\"f43d875\" data-element_type=\"section\" data-e-type=\"section\">\n\t\t\t\t\t\t<div class=\"elementor-container elementor-column-gap-default\">\n\t\t\t\t\t<div class=\"elementor-column elementor-col-100 elementor-top-column elementor-element elementor-element-24e8afa\" data-id=\"24e8afa\" data-element_type=\"column\" data-e-type=\"column\">\n\t\t\t<div class=\"elementor-widget-wrap elementor-element-populated\">\n\t\t\t\t\t\t<div class=\"elementor-element elementor-element-acc9e75 elementor-widget__width-initial elementor-widget elementor-widget-text-editor\" data-id=\"acc9e75\" data-element_type=\"widget\" data-e-type=\"widget\" data-widget_type=\"text-editor.default\">\n\t\t\t\t<div class=\"elementor-widget-container\">\n\t\t\t\t\t\t\t\t\t<h3><strong><img decoding=\"async\" data-attachment-id=\"15\" data-permalink=\"https:\/\/evvtoltechnation.com\/pl\/2023\/07\/13\/hyundai-canada-uznany-przez-great-place-to-work-za-najlepszego-pracodawce-dla-mlodziezy\/evvtol-tech-nation-vs\/\" data-orig-file=\"https:\/\/i0.wp.com\/evvtoltechnation.com\/wp-content\/uploads\/2022\/12\/EVVTOL-Tech-Nation-vs.webp?fit=100%2C51&amp;quality=80&amp;ssl=1\" data-orig-size=\"100,51\" data-comments-opened=\"1\" data-image-meta=\"{&quot;aperture&quot;:&quot;0&quot;,&quot;credit&quot;:&quot;&quot;,&quot;camera&quot;:&quot;&quot;,&quot;caption&quot;:&quot;&quot;,&quot;created_timestamp&quot;:&quot;0&quot;,&quot;copyright&quot;:&quot;&quot;,&quot;focal_length&quot;:&quot;0&quot;,&quot;iso&quot;:&quot;0&quot;,&quot;shutter_speed&quot;:&quot;0&quot;,&quot;title&quot;:&quot;&quot;,&quot;orientation&quot;:&quot;0&quot;}\" data-image-title=\"EVVTOL Tech Nation\" data-image-description=\"\" data-image-caption=\"\" data-large-file=\"https:\/\/i0.wp.com\/evvtoltechnation.com\/wp-content\/uploads\/2022\/12\/EVVTOL-Tech-Nation-vs.webp?fit=100%2C51&amp;quality=80&amp;ssl=1\" data-recalc-dims=\"1\" class=\"alignnone size-full wp-image-15\" src=\"https:\/\/i0.wp.com\/evvtoltechnation.com\/wp-content\/uploads\/2022\/12\/EVVTOL-Tech-Nation-vs.png?resize=100%2C51&#038;quality=80&#038;ssl=1\" alt=\"EVVTOL Tech Nation\" width=\"100\" height=\"51\" \/><\/strong><\/h3><h3><span style=\"color: #000000;\"><strong>EVVTOL Tech Nation<\/strong><\/span><\/h3><p><span style=\"color: #000000;\"><strong>EVVTOL Tech Nation na nowo wyobra\u017ca sobie drog\u0119 do 21<sup>st<\/sup> Stulecie innowacji in\u017cynieryjnych i technologicznych.<\/strong><\/span><\/p><p><span style=\"color: #000000;\"><strong>Kluczow\u0105 rol\u0105, jak\u0105 podejmujemy w EVVTOL Tech Nation, jest:<\/strong><br \/><\/span><\/p><ul><li><span style=\"color: #000000;\">Skoncentrowanie si\u0119 na obszarach in\u017cynierii i zatrudnienia w bran\u017cy technologicznej w celu zapewnienia przysz\u0142ego wzrostu i zr\u00f3wnowa\u017conego rozwoju.<\/span><\/li><li><span style=\"color: #000000;\">U\u0142atwianie i \u0142\u0105czenie wizjoner\u00f3w, in\u017cynier\u00f3w i personelu wsparcia technicznego poprzez przyw\u00f3dztwo.<\/span><\/li><li><span style=\"color: #000000;\">Rozwi\u0105zanie problemu niedoboru personelu!<\/span><\/li><li><span style=\"color: #000000;\">Rozwi\u0105zuj najtrudniejsze problemy na \u015bwiecie dzi\u0119ki wykwalifikowanemu personelowi in\u017cynieryjnemu i technicznemu, kt\u00f3ry w przysz\u0142o\u015bci znajdzie zatrudnienie w bran\u017cy motoryzacyjnej, lotniczej, VTOL, lotniczej, morskiej, motocyklowej i mobilno\u015bci.<\/span><\/li><\/ul><p><span style=\"color: #000000;\">Nasz\u0105 misj\u0105 jest przyci\u0105ganie, edukowanie i inspirowanie (AEI) nast\u0119pnego pokolenia in\u017cynier\u00f3w i specjalist\u00f3w technicznych w dziedzinie lotnictwa i kosmonautyki - eVTOL, lotnictwa, motoryzacji, in\u017cynierii morskiej, motocyklowej, mobilno\u015bci i sport\u00f3w motorowych oraz karier technicznych.<\/span><\/p><p><span style=\"color: #000000;\">Prze\u0142omowym w zakresie i krytycznym dla misji EVVTOL Tech Nation jest wprowadzenie planu (AEI) do EVVTOL Career Summit jako elementu najwi\u0119kszego EVVTOL Tech Show Expo.<\/span><\/p><p><span style=\"color: #000000;\">Aby powt\u00f3rzy\u0107 cele (AEI), Rada Doradcza EVVTOL Tech Nation ma skoncentrowa\u0107 swoje wysi\u0142ki na prezentowaniu zaawansowanej in\u017cynierii i innowacji technologicznych zr\u00f3\u017cnicowanej publiczno\u015bci we wszystkich r\u00f3\u017cnorodnych zastosowaniach, kt\u00f3re s\u0105 integraln\u0105 cz\u0119\u015bci\u0105 motoryzacji, lotnictwa eVTOL, lotnictwa, przemys\u0142u morskiego, motocyklowego, mobilno\u015bci i sport\u00f3w motorowych.<\/span><\/p><p><span style=\"color: #000000;\">Rada doradcza EVVTOL tech Nation opracuje plan (AEI) skierowany do uczni\u00f3w gimnazj\u00f3w, szk\u00f3\u0142 \u015brednich i student\u00f3w, a tak\u017ce innych os\u00f3b poszukuj\u0105cych bardziej znacz\u0105cych i satysfakcjonuj\u0105cych mo\u017cliwo\u015bci kariery w tych przysz\u0142o\u015bciowych rozwi\u0105zaniach i d\u0105\u017ceniach przemys\u0142owych.<\/span><\/p><p><span style=\"color: #000000;\"><strong>Fundacja Tech Workforce:<\/strong><\/span><\/p><p><span style=\"color: #000000;\">Inwestowanie w przysz\u0142o\u015b\u0107 m\u0142odych ludzi poprzez zatrudnienie i rozw\u00f3j kariery ma kluczowe znaczenie, zw\u0142aszcza w szybko rozwijaj\u0105cej si\u0119 bran\u017cy technologicznej. Finansuj\u0105c student\u00f3w w programach technologicznych zwi\u0105zanych z przemys\u0142em lotniczym, motoryzacyjnym, lotniczym, morskim, mobilnym i motocyklowym, Tech Workforce Foundation mo\u017ce odegra\u0107 znacz\u0105c\u0105 rol\u0119 w przygotowaniu os\u00f3b do pracy.<\/span><\/p><p><span style=\"color: #000000;\">Wspieraj\u0105c student\u00f3w w tych dziedzinach, mo\u017cemy zapewni\u0107 im niezb\u0119dne umiej\u0119tno\u015bci i wiedz\u0119, aby mogli osi\u0105gn\u0105\u0107 sukces w swojej karierze. Mo\u017cemy r\u00f3wnie\u017c pom\u00f3c w rosn\u0105cym zapotrzebowaniu na wykwalifikowanych specjalist\u00f3w w bran\u017cach takich jak lotnictwo, motoryzacja, lotnictwo, \u017cegluga morska, mobilno\u015b\u0107 i motocykle.<\/span><\/p>\t\t\t\t\t\t\t\t<\/div>\n\t\t\t\t<\/div>\n\t\t\t\t\t<\/div>\n\t\t<\/div>\n\t\t\t\t\t<\/div>\n\t\t<\/section>\n\t\t\t\t<section class=\"elementor-section elementor-top-section elementor-element elementor-element-059966c elementor-section-boxed elementor-section-height-default elementor-section-height-default\" data-id=\"059966c\" data-element_type=\"section\" data-e-type=\"section\">\n\t\t\t\t\t\t<div class=\"elementor-container elementor-column-gap-default\">\n\t\t\t\t\t<div class=\"elementor-column elementor-col-100 elementor-top-column elementor-element elementor-element-bf3ebb7\" data-id=\"bf3ebb7\" data-element_type=\"column\" data-e-type=\"column\">\n\t\t\t<div class=\"elementor-widget-wrap elementor-element-populated\">\n\t\t\t\t\t\t<div class=\"elementor-element elementor-element-62a0456 elementor-widget elementor-widget-text-editor\" data-id=\"62a0456\" data-element_type=\"widget\" data-e-type=\"widget\" data-widget_type=\"text-editor.default\">\n\t\t\t\t<div class=\"elementor-widget-container\">\n\t\t\t\t\t\t\t\t\t<h3><img decoding=\"async\" data-attachment-id=\"110\" data-permalink=\"https:\/\/evvtoltechnation.com\/pl\/2024\/03\/18\/bentley-motors-oglasza-trzecia-edycje-niezwyklej-inicjatywy-dla-studentek-w-dziedzinie-inzynierii-projektowania-technologii-i-biznesu-na-2024-r\/evvtol-corporate-logo-for-evh-news\/\" data-orig-file=\"https:\/\/i0.wp.com\/evvtoltechnation.com\/wp-content\/uploads\/2023\/01\/EVVTOL-Corporate-Logo-for-EVH-News.webp?fit=150%2C86&amp;quality=80&amp;ssl=1\" data-orig-size=\"150,86\" data-comments-opened=\"1\" data-image-meta=\"{&quot;aperture&quot;:&quot;0&quot;,&quot;credit&quot;:&quot;&quot;,&quot;camera&quot;:&quot;&quot;,&quot;caption&quot;:&quot;&quot;,&quot;created_timestamp&quot;:&quot;0&quot;,&quot;copyright&quot;:&quot;&quot;,&quot;focal_length&quot;:&quot;0&quot;,&quot;iso&quot;:&quot;0&quot;,&quot;shutter_speed&quot;:&quot;0&quot;,&quot;title&quot;:&quot;&quot;,&quot;orientation&quot;:&quot;0&quot;}\" data-image-title=\"EVVTOL Corporate Logo for EVH News\" data-image-description=\"\" data-image-caption=\"\" data-large-file=\"https:\/\/i0.wp.com\/evvtoltechnation.com\/wp-content\/uploads\/2023\/01\/EVVTOL-Corporate-Logo-for-EVH-News.webp?fit=150%2C86&amp;quality=80&amp;ssl=1\" data-recalc-dims=\"1\" class=\"wp-image-110 alignnone\" src=\"https:\/\/i0.wp.com\/evvtoltechnation.com\/wp-content\/uploads\/2023\/01\/EVVTOL-Corporate-Logo-for-EVH-News.png?resize=98%2C56&#038;quality=80&#038;ssl=1\" alt=\"\" width=\"98\" height=\"56\" \/><br \/><span style=\"color: #000000;\"><strong>O EVVTOL<\/strong><\/span><\/h3><ul><li><span style=\"color: #000000;\">EVVTOL to nowa korporacja branduj\u0105ca si\u0119 jako najbardziej wp\u0142ywowa globalna organizacja pokaz\u00f3w \/ wystaw technologii przysz\u0142o\u015bci poprzez strategiczne pozycjonowanie si\u0119 w celu skutecznego u\u0142atwienia klientom z bran\u017cy transportu elektrycznego, lotniczego i morskiego E VTOL spe\u0142nienia ich potrzeb!<\/span><\/li><li><span style=\"color: #000000;\">Celem EVVTOL jest zaprezentowanie przemys\u0142u EV, E Aviation, E VTOL E Marine i przedstawienie g\u0142\u00f3wnych pojazd\u00f3w EV i VTOL Aerospace oraz producent\u00f3w komponent\u00f3w w \u015bwiecie e-tech poprzez ods\u0142oni\u0119cie i zaprezentowanie najnowocze\u015bniejszych technologii EV i E-VTOL, Battery.<\/span><\/li><li><span style=\"color: #000000;\">Misj\u0105 EVVTOL jest wprowadzenie wielu pokaz\u00f3w i ekspozycji technologicznych, w tym wp\u0142ywowych szczyt\u00f3w biznesowych wysokiego szczebla EV opartych na podw\u00f3jnych tematach zaanga\u017cowania biznesowego z kluczowymi producentami pracuj\u0105cymi w bran\u017cy pojazd\u00f3w elektrycznych i mobilno\u015bci energetycznej, technologii informacyjnej pojazd\u00f3w energetycznych, bran\u017cy akumulator\u00f3w i infrastruktury \u0142adowania. Wydarzenia te s\u0105 doskona\u0142\u0105 okazj\u0105 do poznania i om\u00f3wienia najnowszych innowacyjnych technologii transportowych w bran\u017cy pojazd\u00f3w elektrycznych oraz wyzwa\u0144 zwi\u0105zanych z energi\u0105 akumulator\u00f3w, kt\u00f3re wci\u0105\u017c pozostaj\u0105.<\/span><\/li><\/ul><p><span style=\"color: #000000;\">\u00a0EVVTOL<br \/>19200 Von Karman Avenue, Irvine, CA, 92612<br \/>(evvtol.org)<\/span><br \/><span style=\"color: #000000;\">\u00a0877-4EV-VTOL (877-438-8865)<\/span><\/p>\t\t\t\t\t\t\t\t<\/div>\n\t\t\t\t<\/div>\n\t\t\t\t\t<\/div>\n\t\t<\/div>\n\t\t\t\t\t<\/div>\n\t\t<\/section>\n\t\t\t\t<\/div>","protected":false},"excerpt":{"rendered":"<p>EVVTOL Tech Nation EVVTOL Tech Nation is reimagining a pathway to 21st Century engineering &amp;&#8230;<\/p>","protected":false},"author":165558846,"featured_media":0,"parent":0,"menu_order":0,"comment_status":"closed","ping_status":"closed","template":"","meta":{"_crdt_document":"","advanced_seo_description":"","jetpack_seo_html_title":"","jetpack_seo_noindex":false,"footnotes":""},"class_list":["post-102","page","type-page","status-publish","hentry"],"jetpack_likes_enabled":true,"jetpack_sharing_enabled":true,"jetpack_shortlink":"https:\/\/wp.me\/Pep49i-1E","jetpack-related-posts":[],"_links":{"self":[{"href":"https:\/\/evvtoltechnation.com\/pl\/wp-json\/wp\/v2\/pages\/102","targetHints":{"allow":["GET"]}}],"collection":[{"href":"https:\/\/evvtoltechnation.com\/pl\/wp-json\/wp\/v2\/pages"}],"about":[{"href":"https:\/\/evvtoltechnation.com\/pl\/wp-json\/wp\/v2\/types\/page"}],"author":[{"embeddable":true,"href":"https:\/\/evvtoltechnation.com\/pl\/wp-json\/wp\/v2\/users\/165558846"}],"replies":[{"embeddable":true,"href":"https:\/\/evvtoltechnation.com\/pl\/wp-json\/wp\/v2\/comments?post=102"}],"version-history":[{"count":42,"href":"https:\/\/evvtoltechnation.com\/pl\/wp-json\/wp\/v2\/pages\/102\/revisions"}],"predecessor-version":[{"id":1752,"href":"https:\/\/evvtoltechnation.com\/pl\/wp-json\/wp\/v2\/pages\/102\/revisions\/1752"}],"wp:attachment":[{"href":"https:\/\/evvtoltechnation.com\/pl\/wp-json\/wp\/v2\/media?parent=102"}],"curies":[{"name":"wp","href":"https:\/\/api.w.org\/{rel}","templated":true}]}}