{"id":272,"date":"2023-05-06T16:42:34","date_gmt":"2023-05-06T23:42:34","guid":{"rendered":"https:\/\/evvtoltechnation.com\/?page_id=272"},"modified":"2023-05-14T12:22:11","modified_gmt":"2023-05-14T19:22:11","slug":"rekrutacja","status":"publish","type":"page","link":"https:\/\/evvtoltechnation.com\/pl\/rekrutacja\/","title":{"rendered":"Partnerzy rekrutacyjni"},"content":{"rendered":"<div data-elementor-type=\"wp-page\" data-elementor-id=\"272\" class=\"elementor elementor-272\" data-elementor-post-type=\"page\">\n\t\t\t\t\t\t<section class=\"elementor-section elementor-top-section elementor-element elementor-element-165d90b elementor-section-boxed elementor-section-height-default elementor-section-height-default\" data-id=\"165d90b\" data-element_type=\"section\" data-e-type=\"section\">\n\t\t\t\t\t\t<div class=\"elementor-container elementor-column-gap-default\">\n\t\t\t\t\t<div class=\"elementor-column elementor-col-100 elementor-top-column elementor-element elementor-element-efb814f\" data-id=\"efb814f\" data-element_type=\"column\" data-e-type=\"column\">\n\t\t\t<div class=\"elementor-widget-wrap elementor-element-populated\">\n\t\t\t\t\t\t<div class=\"elementor-element elementor-element-247c916 elementor-widget elementor-widget-text-editor\" data-id=\"247c916\" data-element_type=\"widget\" data-e-type=\"widget\" data-widget_type=\"text-editor.default\">\n\t\t\t\t<div class=\"elementor-widget-container\">\n\t\t\t\t\t\t\t\t\t<p><span style=\"color: #000000;\">EVVTOL Tech Nation ustanowi\u0142a partner\u00f3w rekrutacyjnych specjalizuj\u0105cych si\u0119 w pomaganiu firmom w rekrutacji in\u017cynier\u00f3w, technik\u00f3w i pracownik\u00f3w wsparcia technicznego z bran\u017cy motoryzacyjnej, lotniczej, VTOL, lotniczej, morskiej, motocyklowej i mobilno\u015bci. Partnerzy rekrutacyjni mog\u0105 by\u0107 niezwykle cenni w pomaganiu organizacjom w znajdowaniu i przyci\u0105ganiu talent\u00f3w, kt\u00f3rych potrzebuj\u0105 do osi\u0105gni\u0119cia swoich cel\u00f3w.<br \/><\/span><span style=\"color: #000000;\">Wsp\u00f3\u0142pracuj\u0105c z partnerami rekrutacyjnymi EVVTOL Tech Nation, mo\u017cesz skorzysta\u0107 z sieci utalentowanych i zmotywowanych kandydat\u00f3w, kt\u00f3rzy s\u0105 szczeg\u00f3lnie zainteresowani karier\u0105 w bran\u017cy motoryzacyjnej, lotniczej, VTOL, lotniczej, morskiej, motocyklowej i mobilnej. Mo\u017cesz r\u00f3wnie\u017c skorzysta\u0107 z wiedzy i wskaz\u00f3wek do\u015bwiadczonych rekruter\u00f3w, kt\u00f3rzy pomog\u0105 Ci usprawni\u0107 proces rekrutacji i zapewni\u0107, \u017ce znajd\u0105 najlepszych kandydat\u00f3w na Twoje wolne stanowiska.<\/span><\/p><p><span style=\"color: #000000;\">\u00a0<\/span><\/p>\t\t\t\t\t\t\t\t<\/div>\n\t\t\t\t<\/div>\n\t\t\t\t\t<\/div>\n\t\t<\/div>\n\t\t\t\t\t<\/div>\n\t\t<\/section>\n\t\t\t\t<\/div>","protected":false},"excerpt":{"rendered":"<p>EVVTOL Tech Nation ustanowi\u0142 partner\u00f3w rekrutacyjnych specjalizuj\u0105cych si\u0119 w pomaganiu firmom w rekrutacji...<\/p>","protected":false},"author":165558846,"featured_media":0,"parent":0,"menu_order":0,"comment_status":"closed","ping_status":"closed","template":"","meta":{"_crdt_document":"","advanced_seo_description":"","jetpack_seo_html_title":"","jetpack_seo_noindex":false,"footnotes":""},"class_list":["post-272","page","type-page","status-publish","hentry"],"jetpack_likes_enabled":true,"jetpack_sharing_enabled":true,"jetpack_shortlink":"https:\/\/wp.me\/Pep49i-4o","jetpack-related-posts":[],"_links":{"self":[{"href":"https:\/\/evvtoltechnation.com\/pl\/wp-json\/wp\/v2\/pages\/272","targetHints":{"allow":["GET"]}}],"collection":[{"href":"https:\/\/evvtoltechnation.com\/pl\/wp-json\/wp\/v2\/pages"}],"about":[{"href":"https:\/\/evvtoltechnation.com\/pl\/wp-json\/wp\/v2\/types\/page"}],"author":[{"embeddable":true,"href":"https:\/\/evvtoltechnation.com\/pl\/wp-json\/wp\/v2\/users\/165558846"}],"replies":[{"embeddable":true,"href":"https:\/\/evvtoltechnation.com\/pl\/wp-json\/wp\/v2\/comments?post=272"}],"version-history":[{"count":10,"href":"https:\/\/evvtoltechnation.com\/pl\/wp-json\/wp\/v2\/pages\/272\/revisions"}],"predecessor-version":[{"id":404,"href":"https:\/\/evvtoltechnation.com\/pl\/wp-json\/wp\/v2\/pages\/272\/revisions\/404"}],"wp:attachment":[{"href":"https:\/\/evvtoltechnation.com\/pl\/wp-json\/wp\/v2\/media?parent=272"}],"curies":[{"name":"wp","href":"https:\/\/api.w.org\/{rel}","templated":true}]}}