{"id":275,"date":"2023-05-06T16:47:25","date_gmt":"2023-05-06T23:47:25","guid":{"rendered":"https:\/\/evvtoltechnation.com\/?page_id=275"},"modified":"2023-08-02T19:58:21","modified_gmt":"2023-08-03T02:58:21","slug":"kontakt","status":"publish","type":"page","link":"https:\/\/evvtoltechnation.com\/pl\/kontakt\/","title":{"rendered":"Kontakt"},"content":{"rendered":"<div class=\"wp-block-group alignfull has-white-color has-text-color has-background has-link-color wp-elements-94c7459077b3c978e1d403e0c116e94b is-layout-constrained wp-block-group-is-layout-constrained\" style=\"background-color: #181616a8; margin-top: 0px; margin-bottom: 0px; padding-top: 7vw; padding-bottom: 7vw;\">\r\n<div class=\"wp-block-columns alignwide is-layout-flex wp-container-core-columns-is-layout-7387b849 wp-block-columns-is-layout-flex\">\r\n<div class=\"wp-block-column is-layout-flow wp-block-column-is-layout-flow\" style=\"flex-basis: 60%;\">\r\n<h3 class=\"wp-block-heading has-x-large-font-size\" style=\"margin: 0px;\"><strong>Kontakt<\/strong><\/h3>\r\n<\/div>\r\n<\/div>\r\n\r\n\r\n\r\n<div class=\"wp-block-columns alignwide is-layout-flex wp-container-core-columns-is-layout-c4d15c72 wp-block-columns-is-layout-flex\">\r\n<div class=\"wp-block-column is-layout-flow wp-block-column-is-layout-flow\" style=\"flex-basis: 60%;\">\r\n<p class=\"wp-block-paragraph\" style=\"font-size: 20px;\">Nie wahaj si\u0119 skontaktowa\u0107 z nami, korzystaj\u0105c z poni\u017cszych danych kontaktowych lub wy\u015blij wiadomo\u015b\u0107 za pomoc\u0105 formularza.<\/p>\r\n\r\n\r\n<div class=\"wp-block-jetpack-contact-form is-layout-flex wp-container-jetpack-contact-form-is-layout-b9bba262 wp-block-jetpack-contact-form-is-layout-flex\"><a href=\"https:\/\/evvtoltechnation.com\/pl\/kontakt\/\" target=\"_blank\" rel=\"noopener noreferrer\">Prze\u015blij formularz.<\/a><\/div><\/div>\r\n\r\n\r\n\r\n<div class=\"wp-block-column is-layout-flow wp-block-column-is-layout-flow\" style=\"flex-basis: 40%;\">\r\n<p class=\"wp-block-paragraph\" style=\"font-size: 20px;\">\u00a0<\/p>\r\n\r\n\r\n\r\n<p class=\"wp-block-paragraph\"><a href=\"mailto:contact@example.com\">kontakt@<\/a>evvtoltechnation.com<br \/>877-4EV-VTOL (877-438-8865)<\/p>\r\n\r\n\r\n<dl class=\"jetpack-business-hours wp-block-jetpack-business-hours\"><div class=\"jetpack-business-hours__item\"><dt class=\"Mon\">Poniedzia\u0142ek<\/dt><dd class=\"Mon\">9:00-17:00<\/dd><\/div><div class=\"jetpack-business-hours__item\"><dt class=\"Tue\">Wtorek<\/dt><dd class=\"Tue\">9:00-17:00<\/dd><\/div><div class=\"jetpack-business-hours__item\"><dt class=\"Wed\">\u015broda<\/dt><dd class=\"Wed\">9:00-17:00<\/dd><\/div><div class=\"jetpack-business-hours__item\"><dt class=\"Thu\">Czwartek<\/dt><dd class=\"Thu\">9:00-17:00<\/dd><\/div><div class=\"jetpack-business-hours__item\"><dt class=\"Fri\">Pi\u0105tek<\/dt><dd class=\"Fri\">9:00-17:00<\/dd><\/div><div class=\"jetpack-business-hours__item\"><dt class=\"Sat\">Sobota<\/dt><dd class=\"Sat\">Zamkni\u0119te<\/dd><\/div><div class=\"jetpack-business-hours__item\"><dt class=\"Sun\">Niedziela<\/dt><dd class=\"Sun\">Zamkni\u0119te<\/dd><\/div><\/dl><\/div>\r\n<\/div>\r\n<\/div>","protected":false},"excerpt":{"rendered":"<p>Contact Us Don\u2019t hesitate to reach out with the contact information below or send a&#8230;<\/p>","protected":false},"author":165558846,"featured_media":17,"parent":0,"menu_order":0,"comment_status":"closed","ping_status":"closed","template":"","meta":{"_crdt_document":"","advanced_seo_description":"","jetpack_seo_html_title":"","jetpack_seo_noindex":false,"footnotes":""},"class_list":["post-275","page","type-page","status-publish","has-post-thumbnail","hentry"],"jetpack_likes_enabled":true,"jetpack_sharing_enabled":true,"jetpack_shortlink":"https:\/\/wp.me\/Pep49i-4r","jetpack-related-posts":[],"_links":{"self":[{"href":"https:\/\/evvtoltechnation.com\/pl\/wp-json\/wp\/v2\/pages\/275","targetHints":{"allow":["GET"]}}],"collection":[{"href":"https:\/\/evvtoltechnation.com\/pl\/wp-json\/wp\/v2\/pages"}],"about":[{"href":"https:\/\/evvtoltechnation.com\/pl\/wp-json\/wp\/v2\/types\/page"}],"author":[{"embeddable":true,"href":"https:\/\/evvtoltechnation.com\/pl\/wp-json\/wp\/v2\/users\/165558846"}],"replies":[{"embeddable":true,"href":"https:\/\/evvtoltechnation.com\/pl\/wp-json\/wp\/v2\/comments?post=275"}],"version-history":[{"count":7,"href":"https:\/\/evvtoltechnation.com\/pl\/wp-json\/wp\/v2\/pages\/275\/revisions"}],"predecessor-version":[{"id":792,"href":"https:\/\/evvtoltechnation.com\/pl\/wp-json\/wp\/v2\/pages\/275\/revisions\/792"}],"wp:featuredmedia":[{"embeddable":true,"href":"https:\/\/evvtoltechnation.com\/pl\/wp-json\/wp\/v2\/media\/17"}],"wp:attachment":[{"href":"https:\/\/evvtoltechnation.com\/pl\/wp-json\/wp\/v2\/media?parent=275"}],"curies":[{"name":"wp","href":"https:\/\/api.w.org\/{rel}","templated":true}]}}