{"id":102,"date":"2023-04-12T19:48:02","date_gmt":"2023-04-13T02:48:02","guid":{"rendered":"https:\/\/evvtoltechnation.com\/?page_id=102"},"modified":"2025-02-23T17:45:58","modified_gmt":"2025-02-24T01:45:58","slug":"sobre","status":"publish","type":"page","link":"https:\/\/evvtoltechnation.com\/pt\/sobre\/","title":{"rendered":"Sobre"},"content":{"rendered":"<div data-elementor-type=\"wp-page\" data-elementor-id=\"102\" class=\"elementor elementor-102\" data-elementor-post-type=\"page\">\n\t\t\t\t\t\t<section class=\"elementor-section elementor-top-section elementor-element elementor-element-f43d875 elementor-section-boxed elementor-section-height-default elementor-section-height-default\" data-id=\"f43d875\" data-element_type=\"section\" data-e-type=\"section\">\n\t\t\t\t\t\t<div class=\"elementor-container elementor-column-gap-default\">\n\t\t\t\t\t<div class=\"elementor-column elementor-col-100 elementor-top-column elementor-element elementor-element-24e8afa\" data-id=\"24e8afa\" data-element_type=\"column\" data-e-type=\"column\">\n\t\t\t<div class=\"elementor-widget-wrap elementor-element-populated\">\n\t\t\t\t\t\t<div class=\"elementor-element elementor-element-acc9e75 elementor-widget__width-initial elementor-widget elementor-widget-text-editor\" data-id=\"acc9e75\" data-element_type=\"widget\" data-e-type=\"widget\" data-widget_type=\"text-editor.default\">\n\t\t\t\t<div class=\"elementor-widget-container\">\n\t\t\t\t\t\t\t\t\t<h3><strong><img decoding=\"async\" data-attachment-id=\"15\" data-permalink=\"https:\/\/evvtoltechnation.com\/pt\/2023\/07\/13\/hyundai-canada-reconhecida-pela-great-place-to-work-como-a-melhor-empregadora-para-jovens\/evvtol-tech-nation-vs\/\" data-orig-file=\"https:\/\/i0.wp.com\/evvtoltechnation.com\/wp-content\/uploads\/2022\/12\/EVVTOL-Tech-Nation-vs.webp?fit=100%2C51&amp;quality=80&amp;ssl=1\" data-orig-size=\"100,51\" data-comments-opened=\"1\" data-image-meta=\"{&quot;aperture&quot;:&quot;0&quot;,&quot;credit&quot;:&quot;&quot;,&quot;camera&quot;:&quot;&quot;,&quot;caption&quot;:&quot;&quot;,&quot;created_timestamp&quot;:&quot;0&quot;,&quot;copyright&quot;:&quot;&quot;,&quot;focal_length&quot;:&quot;0&quot;,&quot;iso&quot;:&quot;0&quot;,&quot;shutter_speed&quot;:&quot;0&quot;,&quot;title&quot;:&quot;&quot;,&quot;orientation&quot;:&quot;0&quot;}\" data-image-title=\"EVVTOL Tech Nation\" data-image-description=\"\" data-image-caption=\"\" data-large-file=\"https:\/\/i0.wp.com\/evvtoltechnation.com\/wp-content\/uploads\/2022\/12\/EVVTOL-Tech-Nation-vs.webp?fit=100%2C51&amp;quality=80&amp;ssl=1\" data-recalc-dims=\"1\" class=\"alignnone size-full wp-image-15\" src=\"https:\/\/i0.wp.com\/evvtoltechnation.com\/wp-content\/uploads\/2022\/12\/EVVTOL-Tech-Nation-vs.png?resize=100%2C51&#038;quality=80&#038;ssl=1\" alt=\"EVVTOL Tech Nation\" width=\"100\" height=\"51\" \/><\/strong><\/h3><h3><span style=\"color: #000000;\"><strong>EVVTOL Tech Nation<\/strong><\/span><\/h3><p><span style=\"color: #000000;\"><strong>A EVVTOL Tech Nation est\u00e1 reimaginando um caminho para 21<sup>st<\/sup> Inova\u00e7\u00f5es de engenharia e tecnologia do s\u00e9culo XXI.<\/strong><\/span><\/p><p><span style=\"color: #000000;\"><strong>A fun\u00e7\u00e3o essencial que estamos desempenhando na EVVTOL Tech Nation \u00e9:<\/strong><br \/><\/span><\/p><ul><li><span style=\"color: #000000;\">Concentrar-se nos campos de engenharia e emprego tecnol\u00f3gico para crescimento e sustentabilidade futuros.<\/span><\/li><li><span style=\"color: #000000;\">Facilitar e unir vision\u00e1rios, engenheiros e equipe de suporte t\u00e9cnico por meio da lideran\u00e7a.<\/span><\/li><li><span style=\"color: #000000;\">Resolva o problema da falta de pessoal!<\/span><\/li><li><span style=\"color: #000000;\">Resolva os problemas mais dif\u00edceis do mundo de frente com uma equipe qualificada de engenharia e suporte t\u00e9cnico para futuros empregos nas \u00e1reas automotiva, de avia\u00e7\u00e3o, VTOL, aeroespacial, mar\u00edtima, de motocicletas e de mobilidade.<\/span><\/li><\/ul><p><span style=\"color: #000000;\">Nossa miss\u00e3o \u00e9 Atrair, Educar e Inspirar (AEI) a pr\u00f3xima gera\u00e7\u00e3o de engenheiros e profissionais t\u00e9cnicos nas \u00e1reas aeroespacial - eVTOL, avia\u00e7\u00e3o, automotiva, mar\u00edtima, motocicleta, mobilidade e engenharia de automobilismo e carreiras t\u00e9cnicas.<\/span><\/p><p><span style=\"color: #000000;\">Inovador em termos de escopo e de miss\u00e3o cr\u00edtica para a EVVTOL Tech Nation, \u00e9 apresentar o plano (AEI) para a C\u00fapula de Carreiras da EVVTOL como um componente da maior EVVTOL Tech Show Expo.<\/span><\/p><p><span style=\"color: #000000;\">Para reafirmar os objetivos da (AEI), o Conselho Consultivo da EVVTOL Tech Nation deve concentrar seus esfor\u00e7os na exposi\u00e7\u00e3o de inova\u00e7\u00f5es tecnol\u00f3gicas e de engenharia avan\u00e7adas a um p\u00fablico diversificado para todas as diversas aplica\u00e7\u00f5es que s\u00e3o parte integrante da viabilidade automotiva, aeroespacial eVTOL, avia\u00e7\u00e3o, marinha, motocicleta, mobilidade e automobilismo.<\/span><\/p><p><span style=\"color: #000000;\">O Conselho Consultivo da EVVTOL tech Nation desenvolver\u00e1 o plano (AEI) com foco em estudantes do ensino fundamental, m\u00e9dio e superior, bem como em outras pessoas que buscam oportunidades de carreira mais significativas e gratificantes nessas solu\u00e7\u00f5es e atividades industriais voltadas para o futuro.<\/span><\/p><p><span style=\"color: #000000;\"><strong>Tech Workforce Foundation:<\/strong><\/span><\/p><p><span style=\"color: #000000;\">Investir no futuro dos jovens por meio de emprego e desenvolvimento de carreira \u00e9 crucial, especialmente no setor de tecnologia em r\u00e1pida evolu\u00e7\u00e3o. Ao financiar estudantes em programas de tecnologia relacionados aos setores aeroespacial, automotivo, de avia\u00e7\u00e3o, mar\u00edtimo, de mobilidade e de motocicletas, a Tech Workforce Foundation pode desempenhar um papel significativo na prepara\u00e7\u00e3o de indiv\u00edduos para a for\u00e7a de trabalho.<\/span><\/p><p><span style=\"color: #000000;\">Ao apoiar os alunos nessas \u00e1reas, podemos fornecer a eles as habilidades e os conhecimentos necess\u00e1rios para se destacarem em suas carreiras. Tamb\u00e9m podemos ajudar na crescente demanda por profissionais qualificados em setores como aeroespacial, automotivo, avia\u00e7\u00e3o, mar\u00edtimo, mobilidade e motocicletas.<\/span><\/p>\t\t\t\t\t\t\t\t<\/div>\n\t\t\t\t<\/div>\n\t\t\t\t\t<\/div>\n\t\t<\/div>\n\t\t\t\t\t<\/div>\n\t\t<\/section>\n\t\t\t\t<section class=\"elementor-section elementor-top-section elementor-element elementor-element-059966c elementor-section-boxed elementor-section-height-default elementor-section-height-default\" data-id=\"059966c\" data-element_type=\"section\" data-e-type=\"section\">\n\t\t\t\t\t\t<div class=\"elementor-container elementor-column-gap-default\">\n\t\t\t\t\t<div class=\"elementor-column elementor-col-100 elementor-top-column elementor-element elementor-element-bf3ebb7\" data-id=\"bf3ebb7\" data-element_type=\"column\" data-e-type=\"column\">\n\t\t\t<div class=\"elementor-widget-wrap elementor-element-populated\">\n\t\t\t\t\t\t<div class=\"elementor-element elementor-element-62a0456 elementor-widget elementor-widget-text-editor\" data-id=\"62a0456\" data-element_type=\"widget\" data-e-type=\"widget\" data-widget_type=\"text-editor.default\">\n\t\t\t\t<div class=\"elementor-widget-container\">\n\t\t\t\t\t\t\t\t\t<h3><img decoding=\"async\" data-attachment-id=\"110\" data-permalink=\"https:\/\/evvtoltechnation.com\/pt\/2024\/03\/18\/a-bentley-motors-anuncia-a-terceira-edicao-de-sua-iniciativa-mulheres-extraordinarias-para-estudantes-nas-areas-de-engenharia-design-tecnologia-e-negocios-para-2024\/evvtol-corporate-logo-for-evh-news\/\" data-orig-file=\"https:\/\/i0.wp.com\/evvtoltechnation.com\/wp-content\/uploads\/2023\/01\/EVVTOL-Corporate-Logo-for-EVH-News.webp?fit=150%2C86&amp;quality=80&amp;ssl=1\" data-orig-size=\"150,86\" data-comments-opened=\"1\" data-image-meta=\"{&quot;aperture&quot;:&quot;0&quot;,&quot;credit&quot;:&quot;&quot;,&quot;camera&quot;:&quot;&quot;,&quot;caption&quot;:&quot;&quot;,&quot;created_timestamp&quot;:&quot;0&quot;,&quot;copyright&quot;:&quot;&quot;,&quot;focal_length&quot;:&quot;0&quot;,&quot;iso&quot;:&quot;0&quot;,&quot;shutter_speed&quot;:&quot;0&quot;,&quot;title&quot;:&quot;&quot;,&quot;orientation&quot;:&quot;0&quot;}\" data-image-title=\"EVVTOL Corporate Logo for EVH News\" data-image-description=\"\" data-image-caption=\"\" data-large-file=\"https:\/\/i0.wp.com\/evvtoltechnation.com\/wp-content\/uploads\/2023\/01\/EVVTOL-Corporate-Logo-for-EVH-News.webp?fit=150%2C86&amp;quality=80&amp;ssl=1\" data-recalc-dims=\"1\" class=\"wp-image-110 alignnone\" src=\"https:\/\/i0.wp.com\/evvtoltechnation.com\/wp-content\/uploads\/2023\/01\/EVVTOL-Corporate-Logo-for-EVH-News.png?resize=98%2C56&#038;quality=80&#038;ssl=1\" alt=\"\" width=\"98\" height=\"56\" \/><br \/><span style=\"color: #000000;\"><strong>Sobre a EVVTOL<\/strong><\/span><\/h3><ul><li><span style=\"color: #000000;\">A EVVTOL \u00e9 uma nova corpora\u00e7\u00e3o que se apresenta como a mais influente organiza\u00e7\u00e3o global de eventos de exposi\u00e7\u00f5es\/exposi\u00e7\u00f5es de tecnologia do futuro, posicionando-se estrategicamente para facilitar com sucesso as necessidades dos clientes do setor de transporte mar\u00edtimo, aeron\u00e1utico e aeroespacial EV, E VTOL e E VTOL!<\/span><\/li><li><span style=\"color: #000000;\">O objetivo da EVVTOL \u00e9 mostrar o setor de EV, E Aviation, E VTOL e Marine e apresentar os principais ve\u00edculos aeroespaciais EV &amp; VTOL e fabricantes de componentes no mundo da tecnologia eletr\u00f4nica, revelando e exibindo tecnologia de ponta em EV &amp; E-VTOL e baterias.<\/span><\/li><li><span style=\"color: #000000;\">A miss\u00e3o da EVVTOL \u00e9 apresentar v\u00e1rias feiras e exposi\u00e7\u00f5es de tecnologia, incluindo influentes c\u00fapulas de neg\u00f3cios de ve\u00edculos el\u00e9tricos de alto n\u00edvel, com base em temas duplos de envolvimento comercial com os principais fabricantes que trabalham no setor de mobilidade de ve\u00edculos el\u00e9tricos e eletr\u00f4nicos, tecnologia de informa\u00e7\u00f5es sobre ve\u00edculos de energia, baterias e infraestrutura de carregamento. Esses eventos s\u00e3o excelentes oportunidades para conhecer e discutir as mais recentes tecnologias de transporte do futuro, os avan\u00e7os tecnol\u00f3gicos inovadores no setor de ve\u00edculos el\u00e9tricos e os desafios de energia da bateria que ainda permanecem.<\/span><\/li><\/ul><p><span style=\"color: #000000;\">\u00a0EVVTOL<br \/>19200 Von Karman Avenue, Irvine, CA, 92612<br \/>(evvtol.org)<\/span><br \/><span style=\"color: #000000;\">\u00a0877-4EV-VTOL (877-438-8865)<\/span><\/p>\t\t\t\t\t\t\t\t<\/div>\n\t\t\t\t<\/div>\n\t\t\t\t\t<\/div>\n\t\t<\/div>\n\t\t\t\t\t<\/div>\n\t\t<\/section>\n\t\t\t\t<\/div>","protected":false},"excerpt":{"rendered":"<p>EVVTOL Tech Nation A EVVTOL Tech Nation est\u00e1 reimaginando um caminho para a engenharia e a engenharia do s\u00e9culo XXI...<\/p>","protected":false},"author":165558846,"featured_media":0,"parent":0,"menu_order":0,"comment_status":"closed","ping_status":"closed","template":"","meta":{"_crdt_document":"","advanced_seo_description":"","jetpack_seo_html_title":"","jetpack_seo_noindex":false,"footnotes":""},"class_list":["post-102","page","type-page","status-publish","hentry"],"jetpack_likes_enabled":true,"jetpack_sharing_enabled":true,"jetpack_shortlink":"https:\/\/wp.me\/Pep49i-1E","jetpack-related-posts":[],"_links":{"self":[{"href":"https:\/\/evvtoltechnation.com\/pt\/wp-json\/wp\/v2\/pages\/102","targetHints":{"allow":["GET"]}}],"collection":[{"href":"https:\/\/evvtoltechnation.com\/pt\/wp-json\/wp\/v2\/pages"}],"about":[{"href":"https:\/\/evvtoltechnation.com\/pt\/wp-json\/wp\/v2\/types\/page"}],"author":[{"embeddable":true,"href":"https:\/\/evvtoltechnation.com\/pt\/wp-json\/wp\/v2\/users\/165558846"}],"replies":[{"embeddable":true,"href":"https:\/\/evvtoltechnation.com\/pt\/wp-json\/wp\/v2\/comments?post=102"}],"version-history":[{"count":42,"href":"https:\/\/evvtoltechnation.com\/pt\/wp-json\/wp\/v2\/pages\/102\/revisions"}],"predecessor-version":[{"id":1752,"href":"https:\/\/evvtoltechnation.com\/pt\/wp-json\/wp\/v2\/pages\/102\/revisions\/1752"}],"wp:attachment":[{"href":"https:\/\/evvtoltechnation.com\/pt\/wp-json\/wp\/v2\/media?parent=102"}],"curies":[{"name":"wp","href":"https:\/\/api.w.org\/{rel}","templated":true}]}}